{"id":727,"date":"2020-11-10T12:26:32","date_gmt":"2020-11-10T11:26:32","guid":{"rendered":"https:\/\/orbit-zavlahy.sk\/eshop\/?post_type=product&#038;p=727"},"modified":"2020-11-11T13:56:31","modified_gmt":"2020-11-11T12:56:31","slug":"vodotesna-krabica-pre-riadiace-jednotky","status":"publish","type":"product","link":"https:\/\/orbit-zavlahy.sk\/obchod\/product\/vodotesna-krabica-pre-riadiace-jednotky\/","title":{"rendered":"Vodotesn\u00e1 krabica pre riadiace jednotky"},"content":{"rendered":"","protected":false},"excerpt":{"rendered":"<p>m\u00e1 za \u00falohu ochr\u00e1ni\u0165 vn\u00fatorn\u00e9 riadiace jednotky od nepriazniv\u00e9ho vplyvu<br \/>\npoveternostn\u00fdch podmienok, vhodn\u00e1 pre ktor\u00fako\u013evek vn\u00fatorn\u00fa riadiacu jednotku,<br \/>\nvyroben\u00e1 z tvrd\u00e9ho UV odoln\u00e9ho materi\u00e1lu, uzamykate\u013en\u00e1<\/p>\n","protected":false},"featured_media":1363,"template":"","meta":{"spay_email":""},"product_cat":[23,35],"product_tag":[],"_links":{"self":[{"href":"https:\/\/orbit-zavlahy.sk\/obchod\/wp-json\/wp\/v2\/product\/727"}],"collection":[{"href":"https:\/\/orbit-zavlahy.sk\/obchod\/wp-json\/wp\/v2\/product"}],"about":[{"href":"https:\/\/orbit-zavlahy.sk\/obchod\/wp-json\/wp\/v2\/types\/product"}],"wp:featuredmedia":[{"embeddable":true,"href":"https:\/\/orbit-zavlahy.sk\/obchod\/wp-json\/wp\/v2\/media\/1363"}],"wp:attachment":[{"href":"https:\/\/orbit-zavlahy.sk\/obchod\/wp-json\/wp\/v2\/media?parent=727"}],"wp:term":[{"taxonomy":"product_cat","embeddable":true,"href":"https:\/\/orbit-zavlahy.sk\/obchod\/wp-json\/wp\/v2\/product_cat?post=727"},{"taxonomy":"product_tag","embeddable":true,"href":"https:\/\/orbit-zavlahy.sk\/obchod\/wp-json\/wp\/v2\/product_tag?post=727"}],"curies":[{"name":"wp","href":"https:\/\/api.w.org\/{rel}","templated":true}]}}