{"id":724,"date":"2020-11-10T12:21:48","date_gmt":"2020-11-10T11:21:48","guid":{"rendered":"https:\/\/orbit-zavlahy.sk\/eshop\/?post_type=product&#038;p=724"},"modified":"2020-11-25T09:04:52","modified_gmt":"2020-11-25T08:04:52","slug":"interierova-wifi-riadiaca-jednotka","status":"publish","type":"product","link":"https:\/\/orbit-zavlahy.sk\/obchod\/product\/interierova-wifi-riadiaca-jednotka\/","title":{"rendered":"Interi\u00e9rov\u00e1 Wifi riadiaca jednotka"},"content":{"rendered":"","protected":false},"excerpt":{"rendered":"<p>Interi\u00e9rov\u00e1 Wifi riadiaca jednotka ovl\u00e1da 4 a\u017e 8 zavla\u017eovac\u00edch vetiev, umo\u017e\u0148uje pou\u017e\u00edvate\u013eom ovl\u00e1da\u0165 zavla\u017eovanie pomocou smartf\u00f3nu. Na v\u00fdber je vo variante ovl\u00e1dania \u0161tyroch, alebo \u00f4smich zavla\u017eovac\u00edch sekci\u00ed. Prisp\u00f4sob\u00ed zalievanie na z\u00e1klade poveternostn\u00fdch a miestnych podmienok, s cie\u013eom zn\u00ed\u017ei\u0165 plytvanie vodou.<\/p>\n","protected":false},"featured_media":725,"template":"","meta":{"spay_email":""},"product_cat":[23,35],"product_tag":[],"_links":{"self":[{"href":"https:\/\/orbit-zavlahy.sk\/obchod\/wp-json\/wp\/v2\/product\/724"}],"collection":[{"href":"https:\/\/orbit-zavlahy.sk\/obchod\/wp-json\/wp\/v2\/product"}],"about":[{"href":"https:\/\/orbit-zavlahy.sk\/obchod\/wp-json\/wp\/v2\/types\/product"}],"wp:featuredmedia":[{"embeddable":true,"href":"https:\/\/orbit-zavlahy.sk\/obchod\/wp-json\/wp\/v2\/media\/725"}],"wp:attachment":[{"href":"https:\/\/orbit-zavlahy.sk\/obchod\/wp-json\/wp\/v2\/media?parent=724"}],"wp:term":[{"taxonomy":"product_cat","embeddable":true,"href":"https:\/\/orbit-zavlahy.sk\/obchod\/wp-json\/wp\/v2\/product_cat?post=724"},{"taxonomy":"product_tag","embeddable":true,"href":"https:\/\/orbit-zavlahy.sk\/obchod\/wp-json\/wp\/v2\/product_tag?post=724"}],"curies":[{"name":"wp","href":"https:\/\/api.w.org\/{rel}","templated":true}]}}