{"id":3320,"date":"2021-12-01T11:10:53","date_gmt":"2021-12-01T10:10:53","guid":{"rendered":"https:\/\/orbit-zavlahy.sk\/obchod\/?post_type=product&#038;p=3320"},"modified":"2021-12-01T11:44:52","modified_gmt":"2021-12-01T10:44:52","slug":"darcekova-poukazka","status":"publish","type":"product","link":"https:\/\/orbit-zavlahy.sk\/obchod\/product\/darcekova-poukazka\/","title":{"rendered":"Dar\u010dekov\u00e1 pouk\u00e1\u017eka"},"content":{"rendered":"<p>Dar\u010dekov\u00e1 pouk\u00e1\u017eka v pouk\u00e1\u017eke 10\u20ac a\u017e 500\u20ac <\/p>\n","protected":false},"excerpt":{"rendered":"<p>Dar\u010dekov\u00e1 pouk\u00e1\u017eka v pouk\u00e1\u017eke 10\u20ac a\u017e 500\u20ac<\/p>\n","protected":false},"featured_media":3338,"template":"","meta":{"spay_email":""},"product_cat":[15,90],"product_tag":[],"_links":{"self":[{"href":"https:\/\/orbit-zavlahy.sk\/obchod\/wp-json\/wp\/v2\/product\/3320"}],"collection":[{"href":"https:\/\/orbit-zavlahy.sk\/obchod\/wp-json\/wp\/v2\/product"}],"about":[{"href":"https:\/\/orbit-zavlahy.sk\/obchod\/wp-json\/wp\/v2\/types\/product"}],"wp:featuredmedia":[{"embeddable":true,"href":"https:\/\/orbit-zavlahy.sk\/obchod\/wp-json\/wp\/v2\/media\/3338"}],"wp:attachment":[{"href":"https:\/\/orbit-zavlahy.sk\/obchod\/wp-json\/wp\/v2\/media?parent=3320"}],"wp:term":[{"taxonomy":"product_cat","embeddable":true,"href":"https:\/\/orbit-zavlahy.sk\/obchod\/wp-json\/wp\/v2\/product_cat?post=3320"},{"taxonomy":"product_tag","embeddable":true,"href":"https:\/\/orbit-zavlahy.sk\/obchod\/wp-json\/wp\/v2\/product_tag?post=3320"}],"curies":[{"name":"wp","href":"https:\/\/api.w.org\/{rel}","templated":true}]}}