{"id":3203,"date":"2021-01-19T16:48:35","date_gmt":"2021-01-19T15:48:35","guid":{"rendered":"https:\/\/orbit-zavlahy.sk\/obchod\/?post_type=product&#038;p=3203"},"modified":"2024-07-16T20:07:55","modified_gmt":"2024-07-16T18:07:55","slug":"zahradny-vodovod-sedy","status":"publish","type":"product","link":"https:\/\/orbit-zavlahy.sk\/obchod\/product\/zahradny-vodovod-sedy\/","title":{"rendered":"Z\u00e1hradn\u00fd vodovod &#8211; \u0161ed\u00fd"},"content":{"rendered":"","protected":false},"excerpt":{"rendered":"<p>\u2022 Nap\u00e1janie zospodu pomocou 3\/4\u201c hadicovej pr\u00edpojky<br \/>\n\u2022 V\u00fdrobok z vysoko kvalitn\u00e9ho a vode odoln\u00e9ho plastu<br \/>\n\u2022 Jednoduch\u00e1 in\u0161tal\u00e1cia \u2013 vopred predv\u0155tan\u00e9 otvory na ukotvenie<br \/>\n\u2022 Koh\u00fatik je s\u00fa\u010das\u0165ou dod\u00e1vky<\/p>\n","protected":false},"featured_media":3204,"template":"","meta":{"spay_email":""},"product_cat":[32,83],"product_tag":[],"_links":{"self":[{"href":"https:\/\/orbit-zavlahy.sk\/obchod\/wp-json\/wp\/v2\/product\/3203"}],"collection":[{"href":"https:\/\/orbit-zavlahy.sk\/obchod\/wp-json\/wp\/v2\/product"}],"about":[{"href":"https:\/\/orbit-zavlahy.sk\/obchod\/wp-json\/wp\/v2\/types\/product"}],"wp:featuredmedia":[{"embeddable":true,"href":"https:\/\/orbit-zavlahy.sk\/obchod\/wp-json\/wp\/v2\/media\/3204"}],"wp:attachment":[{"href":"https:\/\/orbit-zavlahy.sk\/obchod\/wp-json\/wp\/v2\/media?parent=3203"}],"wp:term":[{"taxonomy":"product_cat","embeddable":true,"href":"https:\/\/orbit-zavlahy.sk\/obchod\/wp-json\/wp\/v2\/product_cat?post=3203"},{"taxonomy":"product_tag","embeddable":true,"href":"https:\/\/orbit-zavlahy.sk\/obchod\/wp-json\/wp\/v2\/product_tag?post=3203"}],"curies":[{"name":"wp","href":"https:\/\/api.w.org\/{rel}","templated":true}]}}