{"id":3191,"date":"2021-01-19T16:26:25","date_gmt":"2021-01-19T15:26:25","guid":{"rendered":"https:\/\/orbit-zavlahy.sk\/obchod\/?post_type=product&#038;p=3191"},"modified":"2023-07-11T11:21:48","modified_gmt":"2023-07-11T09:21:48","slug":"zahradny-vodovod-imitacia-kamena-svetlo-sedy","status":"publish","type":"product","link":"https:\/\/orbit-zavlahy.sk\/obchod\/product\/zahradny-vodovod-imitacia-kamena-svetlo-sedy\/","title":{"rendered":"Z\u00e1hradn\u00fd vodovod &#8211; imit\u00e1cia kame\u0148a, svetlo \u0161ed\u00fd"},"content":{"rendered":"","protected":false},"excerpt":{"rendered":"<p>https:\/\/app.freelo.cz\/task\/2360715<\/p>\n","protected":false},"featured_media":3192,"template":"","meta":{"spay_email":""},"product_cat":[32,83],"product_tag":[],"_links":{"self":[{"href":"https:\/\/orbit-zavlahy.sk\/obchod\/wp-json\/wp\/v2\/product\/3191"}],"collection":[{"href":"https:\/\/orbit-zavlahy.sk\/obchod\/wp-json\/wp\/v2\/product"}],"about":[{"href":"https:\/\/orbit-zavlahy.sk\/obchod\/wp-json\/wp\/v2\/types\/product"}],"wp:featuredmedia":[{"embeddable":true,"href":"https:\/\/orbit-zavlahy.sk\/obchod\/wp-json\/wp\/v2\/media\/3192"}],"wp:attachment":[{"href":"https:\/\/orbit-zavlahy.sk\/obchod\/wp-json\/wp\/v2\/media?parent=3191"}],"wp:term":[{"taxonomy":"product_cat","embeddable":true,"href":"https:\/\/orbit-zavlahy.sk\/obchod\/wp-json\/wp\/v2\/product_cat?post=3191"},{"taxonomy":"product_tag","embeddable":true,"href":"https:\/\/orbit-zavlahy.sk\/obchod\/wp-json\/wp\/v2\/product_tag?post=3191"}],"curies":[{"name":"wp","href":"https:\/\/api.w.org\/{rel}","templated":true}]}}