{"id":3189,"date":"2021-01-19T16:22:53","date_gmt":"2021-01-19T15:22:53","guid":{"rendered":"https:\/\/orbit-zavlahy.sk\/obchod\/?post_type=product&#038;p=3189"},"modified":"2023-07-11T11:22:01","modified_gmt":"2023-07-11T09:22:01","slug":"zahradny-vodovod-imitacia-kamena-antracitovy","status":"publish","type":"product","link":"https:\/\/orbit-zavlahy.sk\/obchod\/product\/zahradny-vodovod-imitacia-kamena-antracitovy\/","title":{"rendered":"Z\u00e1hradn\u00fd vodovod &#8211; imit\u00e1cia kame\u0148a, antracitov\u00fd"},"content":{"rendered":"","protected":false},"excerpt":{"rendered":"<p>\u2022 Nap\u00e1janie zospodu pomocou 3\/4\u201c hadicovej pr\u00edpojky<br \/>\n\u2022 V\u00fdrobok z vysoko kvalitn\u00e9ho a vode odoln\u00e9ho plastu<br \/>\n\u2022 Jednoduch\u00e1 in\u0161tal\u00e1cia \u2013 vopred predv\u0155tan\u00e9 otvory na ukotvenie<br \/>\n\u2022 Koh\u00fatik je s\u00fa\u010das\u0165ou dod\u00e1vky<\/p>\n","protected":false},"featured_media":3190,"template":"","meta":{"spay_email":""},"product_cat":[32,83],"product_tag":[],"_links":{"self":[{"href":"https:\/\/orbit-zavlahy.sk\/obchod\/wp-json\/wp\/v2\/product\/3189"}],"collection":[{"href":"https:\/\/orbit-zavlahy.sk\/obchod\/wp-json\/wp\/v2\/product"}],"about":[{"href":"https:\/\/orbit-zavlahy.sk\/obchod\/wp-json\/wp\/v2\/types\/product"}],"wp:featuredmedia":[{"embeddable":true,"href":"https:\/\/orbit-zavlahy.sk\/obchod\/wp-json\/wp\/v2\/media\/3190"}],"wp:attachment":[{"href":"https:\/\/orbit-zavlahy.sk\/obchod\/wp-json\/wp\/v2\/media?parent=3189"}],"wp:term":[{"taxonomy":"product_cat","embeddable":true,"href":"https:\/\/orbit-zavlahy.sk\/obchod\/wp-json\/wp\/v2\/product_cat?post=3189"},{"taxonomy":"product_tag","embeddable":true,"href":"https:\/\/orbit-zavlahy.sk\/obchod\/wp-json\/wp\/v2\/product_tag?post=3189"}],"curies":[{"name":"wp","href":"https:\/\/api.w.org\/{rel}","templated":true}]}}