{"id":3181,"date":"2021-01-19T13:37:05","date_gmt":"2021-01-19T12:37:05","guid":{"rendered":"https:\/\/orbit-zavlahy.sk\/obchod\/?post_type=product&#038;p=3181"},"modified":"2021-07-23T11:49:10","modified_gmt":"2021-07-23T09:49:10","slug":"riadiaca-jednotka-orbit-timer-i-gen-6stn-24v","status":"publish","type":"product","link":"https:\/\/orbit-zavlahy.sk\/obchod\/product\/riadiaca-jednotka-orbit-timer-i-gen-6stn-24v\/","title":{"rendered":"Riadiaca jednotka \u201cOrbit Timer I.GEN 6STN\u201d 24V"},"content":{"rendered":"<p>Pr\u00edslu\u0161enstvo: Trafo 230\/24 VAC<\/p>\n<p>Na stiahnutie: <a href=\"https:\/\/orbit-zavlahy.sk\/PDF\/orbit-timer-instalacne-instrukcie.pdf\">In\u0161tala\u010dn\u00fd manu\u00e1l\/ Pou\u017e\u00edvate\u013esk\u00fd manu\u00e1l Orbit Timer<\/a><\/p>\n<p><a href=\"https:\/\/orbit-zavlahy.sk\/obchod\/wp-content\/uploads\/2021\/01\/orbit-timer-sjednoduche_nastavenie.pdf\">Orbit Timer jednoduch\u00e9 nastavenie nastavenie<\/a><\/p>\n","protected":false},"excerpt":{"rendered":"<p>Charakteristika:<br \/>\nRiadiaca jednotka ovl\u00e1da 4 a\u017e 6 zavla\u017eovac\u00edch vetiev, vn\u00fatorn\u00e1 in\u0161tal\u00e1cia, \u013eahk\u00e9 programovanie (a\u017e \u0161tyri denn\u00e9 \u0161tarty pre program A a B), zavla\u017eovanie v intervale 1-28 dn\u00ed, doba zavla\u017eovania 1-99 min\u00fat pri ka\u017edom spusten\u00ed zavla\u017eovacej vetvy, jednoducho nastavite\u013en\u00e9 odlo\u017eenie \u0161tartu o 24, 48 a 72 hod. stl\u00e1\u010dan\u00edm jedn\u00e9ho tla\u010didla, svorkovnica pre hlavn\u00fd ventil a pre ovl\u00e1danie \u010derpadla, mo\u017enos\u0165 napojenia da\u017e\u010fov\u00e9ho senzora, z\u00e1lo\u017en\u00fd program na bat\u00e9rie, \u0161tyri re\u017eimy prev\u00e1dzky, n\u00edzka cena<\/p>\n","protected":false},"featured_media":1336,"template":"","meta":{"spay_email":""},"product_cat":[82,23,35],"product_tag":[],"_links":{"self":[{"href":"https:\/\/orbit-zavlahy.sk\/obchod\/wp-json\/wp\/v2\/product\/3181"}],"collection":[{"href":"https:\/\/orbit-zavlahy.sk\/obchod\/wp-json\/wp\/v2\/product"}],"about":[{"href":"https:\/\/orbit-zavlahy.sk\/obchod\/wp-json\/wp\/v2\/types\/product"}],"wp:featuredmedia":[{"embeddable":true,"href":"https:\/\/orbit-zavlahy.sk\/obchod\/wp-json\/wp\/v2\/media\/1336"}],"wp:attachment":[{"href":"https:\/\/orbit-zavlahy.sk\/obchod\/wp-json\/wp\/v2\/media?parent=3181"}],"wp:term":[{"taxonomy":"product_cat","embeddable":true,"href":"https:\/\/orbit-zavlahy.sk\/obchod\/wp-json\/wp\/v2\/product_cat?post=3181"},{"taxonomy":"product_tag","embeddable":true,"href":"https:\/\/orbit-zavlahy.sk\/obchod\/wp-json\/wp\/v2\/product_tag?post=3181"}],"curies":[{"name":"wp","href":"https:\/\/api.w.org\/{rel}","templated":true}]}}