{"id":3164,"date":"2020-12-21T11:01:46","date_gmt":"2020-12-21T10:01:46","guid":{"rendered":"https:\/\/orbit-zavlahy.sk\/obchod\/?post_type=product&#038;p=3164"},"modified":"2020-12-21T11:05:45","modified_gmt":"2020-12-21T10:05:45","slug":"kvapkovac-idrop-2l-h","status":"publish","type":"product","link":"https:\/\/orbit-zavlahy.sk\/obchod\/product\/kvapkovac-idrop-2l-h\/","title":{"rendered":"Kvapkova\u010d &#8220;iDrop&#8221; 2l\/h"},"content":{"rendered":"","protected":false},"excerpt":{"rendered":"<p>Kvapkova\u010de iDrop sa vtla\u010dia na koniec flexibiln\u00e9ho mikropotrubia 1\/4\u201d kedy voda vykvapk\u00e1va priamo z kvapkova\u010da. V\u010faka ich kompenz\u00e1cii tlaku s\u00fa zaisten\u00e9 kon\u0161tantn\u00e9 hodnoty v\u00fdtoku vody na v\u0161etk\u00fdch in\u0161talovan\u00fdch kvapkova\u010doch po celej d\u013a\u017eke. Tieto kvapkova\u010de sa m\u00f4\u017eu tie\u017e rovno vtla\u010di\u0165 bez pou\u017eitia mikrokonektoru do vytvoren\u00fdch otvorov 3 mm v pru\u017enom potrub\u00ed 16 mm (do QJ potrubia 20 mm)<\/p>\n","protected":false},"featured_media":2968,"template":"","meta":{"spay_email":""},"product_cat":[56,28],"product_tag":[],"_links":{"self":[{"href":"https:\/\/orbit-zavlahy.sk\/obchod\/wp-json\/wp\/v2\/product\/3164"}],"collection":[{"href":"https:\/\/orbit-zavlahy.sk\/obchod\/wp-json\/wp\/v2\/product"}],"about":[{"href":"https:\/\/orbit-zavlahy.sk\/obchod\/wp-json\/wp\/v2\/types\/product"}],"wp:featuredmedia":[{"embeddable":true,"href":"https:\/\/orbit-zavlahy.sk\/obchod\/wp-json\/wp\/v2\/media\/2968"}],"wp:attachment":[{"href":"https:\/\/orbit-zavlahy.sk\/obchod\/wp-json\/wp\/v2\/media?parent=3164"}],"wp:term":[{"taxonomy":"product_cat","embeddable":true,"href":"https:\/\/orbit-zavlahy.sk\/obchod\/wp-json\/wp\/v2\/product_cat?post=3164"},{"taxonomy":"product_tag","embeddable":true,"href":"https:\/\/orbit-zavlahy.sk\/obchod\/wp-json\/wp\/v2\/product_tag?post=3164"}],"curies":[{"name":"wp","href":"https:\/\/api.w.org\/{rel}","templated":true}]}}