{"id":3151,"date":"2020-12-17T11:01:03","date_gmt":"2020-12-17T10:01:03","guid":{"rendered":"https:\/\/orbit-zavlahy.sk\/obchod\/?post_type=product&#038;p=3151"},"modified":"2020-12-17T11:06:31","modified_gmt":"2020-12-17T10:06:31","slug":"nastrcny-kriz-pre-mikropotrubie-1-4","status":"publish","type":"product","link":"https:\/\/orbit-zavlahy.sk\/obchod\/product\/nastrcny-kriz-pre-mikropotrubie-1-4\/","title":{"rendered":"N\u00e1str\u010dn\u00fd kr\u00ed\u017e pre mikropotrubie 1\/4&#8243;"},"content":{"rendered":"","protected":false},"excerpt":{"rendered":"<p>N\u00e1str\u010dn\u00fd kr\u00ed\u017e pre <a href=\"https:\/\/orbit-zavlahy.sk\/obchod\/product\/flexibilne-mikropotrubie-pvc-1-4-55-x-3-mm\/\">mikropotrubie 1\/4&#8243;<\/a>.<\/p>\n","protected":false},"featured_media":3152,"template":"","meta":{"spay_email":""},"product_cat":[28,70],"product_tag":[],"_links":{"self":[{"href":"https:\/\/orbit-zavlahy.sk\/obchod\/wp-json\/wp\/v2\/product\/3151"}],"collection":[{"href":"https:\/\/orbit-zavlahy.sk\/obchod\/wp-json\/wp\/v2\/product"}],"about":[{"href":"https:\/\/orbit-zavlahy.sk\/obchod\/wp-json\/wp\/v2\/types\/product"}],"wp:featuredmedia":[{"embeddable":true,"href":"https:\/\/orbit-zavlahy.sk\/obchod\/wp-json\/wp\/v2\/media\/3152"}],"wp:attachment":[{"href":"https:\/\/orbit-zavlahy.sk\/obchod\/wp-json\/wp\/v2\/media?parent=3151"}],"wp:term":[{"taxonomy":"product_cat","embeddable":true,"href":"https:\/\/orbit-zavlahy.sk\/obchod\/wp-json\/wp\/v2\/product_cat?post=3151"},{"taxonomy":"product_tag","embeddable":true,"href":"https:\/\/orbit-zavlahy.sk\/obchod\/wp-json\/wp\/v2\/product_tag?post=3151"}],"curies":[{"name":"wp","href":"https:\/\/api.w.org\/{rel}","templated":true}]}}