{"id":3146,"date":"2020-12-17T10:53:19","date_gmt":"2020-12-17T09:53:19","guid":{"rendered":"https:\/\/orbit-zavlahy.sk\/obchod\/?post_type=product&#038;p=3146"},"modified":"2020-12-17T11:06:05","modified_gmt":"2020-12-17T10:06:05","slug":"nastrcna-spojka-pre-mikropotrubie-1-4%e2%80%b3","status":"publish","type":"product","link":"https:\/\/orbit-zavlahy.sk\/obchod\/product\/nastrcna-spojka-pre-mikropotrubie-1-4%e2%80%b3\/","title":{"rendered":"N\u00e1str\u010dn\u00e1 spojka pre mikropotrubie 1\/4\u2033"},"content":{"rendered":"","protected":false},"excerpt":{"rendered":"<p>N\u00e1str\u010dn\u00e1 spojka pre <a href=\"https:\/\/orbit-zavlahy.sk\/obchod\/product\/flexibilne-mikropotrubie-pvc-1-4-55-x-3-mm\/\">mikropotrubie 1\/4\u2033<\/a>.<\/p>\n","protected":false},"featured_media":3147,"template":"","meta":{"spay_email":""},"product_cat":[28,70],"product_tag":[],"_links":{"self":[{"href":"https:\/\/orbit-zavlahy.sk\/obchod\/wp-json\/wp\/v2\/product\/3146"}],"collection":[{"href":"https:\/\/orbit-zavlahy.sk\/obchod\/wp-json\/wp\/v2\/product"}],"about":[{"href":"https:\/\/orbit-zavlahy.sk\/obchod\/wp-json\/wp\/v2\/types\/product"}],"wp:featuredmedia":[{"embeddable":true,"href":"https:\/\/orbit-zavlahy.sk\/obchod\/wp-json\/wp\/v2\/media\/3147"}],"wp:attachment":[{"href":"https:\/\/orbit-zavlahy.sk\/obchod\/wp-json\/wp\/v2\/media?parent=3146"}],"wp:term":[{"taxonomy":"product_cat","embeddable":true,"href":"https:\/\/orbit-zavlahy.sk\/obchod\/wp-json\/wp\/v2\/product_cat?post=3146"},{"taxonomy":"product_tag","embeddable":true,"href":"https:\/\/orbit-zavlahy.sk\/obchod\/wp-json\/wp\/v2\/product_tag?post=3146"}],"curies":[{"name":"wp","href":"https:\/\/api.w.org\/{rel}","templated":true}]}}