{"id":3143,"date":"2020-12-17T10:09:18","date_gmt":"2020-12-17T09:09:18","guid":{"rendered":"https:\/\/orbit-zavlahy.sk\/obchod\/?post_type=product&#038;p=3143"},"modified":"2020-12-17T11:05:52","modified_gmt":"2020-12-17T10:05:52","slug":"nastrcny-t-kus-1-4%e2%80%b3-pre-rozvetvene-mikropotrubie","status":"publish","type":"product","link":"https:\/\/orbit-zavlahy.sk\/obchod\/product\/nastrcny-t-kus-1-4%e2%80%b3-pre-rozvetvene-mikropotrubie\/","title":{"rendered":"N\u00e1str\u010dn\u00fd T-kus 1\/4\u2033 pre rozvetven\u00e9 mikropotrubie"},"content":{"rendered":"","protected":false},"excerpt":{"rendered":"<p>N\u00e1str\u010dn\u00fd T-kus 1\/4\u2033 pre rozvetven\u00e9 mikropotrubie.<\/p>\n","protected":false},"featured_media":3144,"template":"","meta":{"spay_email":""},"product_cat":[28,70],"product_tag":[],"_links":{"self":[{"href":"https:\/\/orbit-zavlahy.sk\/obchod\/wp-json\/wp\/v2\/product\/3143"}],"collection":[{"href":"https:\/\/orbit-zavlahy.sk\/obchod\/wp-json\/wp\/v2\/product"}],"about":[{"href":"https:\/\/orbit-zavlahy.sk\/obchod\/wp-json\/wp\/v2\/types\/product"}],"wp:featuredmedia":[{"embeddable":true,"href":"https:\/\/orbit-zavlahy.sk\/obchod\/wp-json\/wp\/v2\/media\/3144"}],"wp:attachment":[{"href":"https:\/\/orbit-zavlahy.sk\/obchod\/wp-json\/wp\/v2\/media?parent=3143"}],"wp:term":[{"taxonomy":"product_cat","embeddable":true,"href":"https:\/\/orbit-zavlahy.sk\/obchod\/wp-json\/wp\/v2\/product_cat?post=3143"},{"taxonomy":"product_tag","embeddable":true,"href":"https:\/\/orbit-zavlahy.sk\/obchod\/wp-json\/wp\/v2\/product_tag?post=3143"}],"curies":[{"name":"wp","href":"https:\/\/api.w.org\/{rel}","templated":true}]}}