{"id":3140,"date":"2020-12-16T17:34:27","date_gmt":"2020-12-16T16:34:27","guid":{"rendered":"https:\/\/orbit-zavlahy.sk\/obchod\/?post_type=product&#038;p=3140"},"modified":"2020-12-17T10:09:52","modified_gmt":"2020-12-17T09:09:52","slug":"mikrozatka-3-mm","status":"publish","type":"product","link":"https:\/\/orbit-zavlahy.sk\/obchod\/product\/mikrozatka-3-mm\/","title":{"rendered":"Mikroz\u00e1tka 3 mm"},"content":{"rendered":"","protected":false},"excerpt":{"rendered":"<p>Mikroz\u00e1tka priemer 3 mm. Je ur\u010den\u00e1 pre <a href=\"https:\/\/orbit-zavlahy.sk\/obchod\/product\/flexibilne-mikropotrubie-pvc-1-4-55-x-3-mm\/\">mikropotrubie 1\/4&#8243;<\/a> a sl\u00fa\u017ei tie\u017e k utesneniu otvorov po zru\u0161en\u00fdch mikrokonektoroch v <a href=\"https:\/\/orbit-zavlahy.sk\/obchod\/product\/pruzne-potrubie-priemer-16-mm-pn-4\/\">potrub\u00ed 16 mm<\/a> alebo v <a href=\"https:\/\/orbit-zavlahy.sk\/obchod\/product\/pruzne-pripojovacie-potrubie-qj-20-mm-pn6\/\">QJ potrub\u00ed 20 mm<\/a>.<\/p>\n","protected":false},"featured_media":3142,"template":"","meta":{"spay_email":""},"product_cat":[28,70],"product_tag":[],"_links":{"self":[{"href":"https:\/\/orbit-zavlahy.sk\/obchod\/wp-json\/wp\/v2\/product\/3140"}],"collection":[{"href":"https:\/\/orbit-zavlahy.sk\/obchod\/wp-json\/wp\/v2\/product"}],"about":[{"href":"https:\/\/orbit-zavlahy.sk\/obchod\/wp-json\/wp\/v2\/types\/product"}],"wp:featuredmedia":[{"embeddable":true,"href":"https:\/\/orbit-zavlahy.sk\/obchod\/wp-json\/wp\/v2\/media\/3142"}],"wp:attachment":[{"href":"https:\/\/orbit-zavlahy.sk\/obchod\/wp-json\/wp\/v2\/media?parent=3140"}],"wp:term":[{"taxonomy":"product_cat","embeddable":true,"href":"https:\/\/orbit-zavlahy.sk\/obchod\/wp-json\/wp\/v2\/product_cat?post=3140"},{"taxonomy":"product_tag","embeddable":true,"href":"https:\/\/orbit-zavlahy.sk\/obchod\/wp-json\/wp\/v2\/product_tag?post=3140"}],"curies":[{"name":"wp","href":"https:\/\/api.w.org\/{rel}","templated":true}]}}