{"id":3126,"date":"2020-12-15T17:11:53","date_gmt":"2020-12-15T16:11:53","guid":{"rendered":"https:\/\/orbit-zavlahy.sk\/obchod\/?post_type=product&#038;p=3126"},"modified":"2020-12-17T10:03:44","modified_gmt":"2020-12-17T09:03:44","slug":"vymenna-tryska-s-nastavitelnou-vysecou-pre-1-2-vysuvne-rozprasovacie-rozstrekovace-adaptery-dostrek-55-m","status":"publish","type":"product","link":"https:\/\/orbit-zavlahy.sk\/obchod\/product\/vymenna-tryska-s-nastavitelnou-vysecou-pre-1-2-vysuvne-rozprasovacie-rozstrekovace-adaptery-dostrek-55-m\/","title":{"rendered":"V\u00fdmenn\u00e1 tryska s nastavite\u013enou v\u00fdse\u010dou pre 1\/2\u201d v\u00fdsuvn\u00e9 rozpra\u0161ovacie rozstrekova\u010de \u2013 adapt\u00e9ry (dostrek 5,5 m)"},"content":{"rendered":"","protected":false},"excerpt":{"rendered":"<p>V\u00fdmenn\u00e1 tryska s vn\u00fatorn\u00fdm z\u00e1vitom, nastavite\u013en\u00e1 na 25\u00b0-360\u00b0; s filtrom; dostrek 5,5 m; 1,7 baru; 2-13 l\/min; vzostup 28\u00b0.<\/p>\n","protected":false},"featured_media":3118,"template":"","meta":{"spay_email":""},"product_cat":[25,43,45],"product_tag":[],"_links":{"self":[{"href":"https:\/\/orbit-zavlahy.sk\/obchod\/wp-json\/wp\/v2\/product\/3126"}],"collection":[{"href":"https:\/\/orbit-zavlahy.sk\/obchod\/wp-json\/wp\/v2\/product"}],"about":[{"href":"https:\/\/orbit-zavlahy.sk\/obchod\/wp-json\/wp\/v2\/types\/product"}],"wp:featuredmedia":[{"embeddable":true,"href":"https:\/\/orbit-zavlahy.sk\/obchod\/wp-json\/wp\/v2\/media\/3118"}],"wp:attachment":[{"href":"https:\/\/orbit-zavlahy.sk\/obchod\/wp-json\/wp\/v2\/media?parent=3126"}],"wp:term":[{"taxonomy":"product_cat","embeddable":true,"href":"https:\/\/orbit-zavlahy.sk\/obchod\/wp-json\/wp\/v2\/product_cat?post=3126"},{"taxonomy":"product_tag","embeddable":true,"href":"https:\/\/orbit-zavlahy.sk\/obchod\/wp-json\/wp\/v2\/product_tag?post=3126"}],"curies":[{"name":"wp","href":"https:\/\/api.w.org\/{rel}","templated":true}]}}