{"id":2992,"date":"2020-11-25T13:24:31","date_gmt":"2020-11-25T12:24:31","guid":{"rendered":"https:\/\/orbit-zavlahy.sk\/obchod\/?post_type=product&#038;p=2992"},"modified":"2024-07-16T20:09:22","modified_gmt":"2024-07-16T18:09:22","slug":"1-2-spojka-mufna-1-2-x-1-2-s-vnutornym-zavitom","status":"publish","type":"product","link":"https:\/\/orbit-zavlahy.sk\/obchod\/product\/1-2-spojka-mufna-1-2-x-1-2-s-vnutornym-zavitom\/","title":{"rendered":"1\/2&#8243; spojka, mufna 1\/2&#8243; x 1\/2&#8243; s vn\u00fatorn\u00fdm z\u00e1vitom"},"content":{"rendered":"","protected":false},"excerpt":{"rendered":"<p>1\/2&#8243; spojka, mufna 1\/2&#8243; x 1\/2&#8243; s vn\u00fatorn\u00fdm z\u00e1vitom, sl\u00fa\u017ei napr. k prepojeniu pred\u013a\u017een\u00ed 1\/2&#8243;: <a href=\"https:\/\/orbit-zavlahy.sk\/obchod\/product\/1-2-x-1-2-predlzenie-skracovatelne-15cm-vonkajsi-zavit\/\">1\/2\u2033 x 1\/2\u2033 pred\u013a\u017eenie skracovate\u013en\u00e9, 15 cm \u2013 vonkaj\u0161\u00ed z\u00e1vit<\/a>, <a href=\"https:\/\/orbit-zavlahy.sk\/obchod\/product\/1-2-x-1-2-predlzenie-skracovatelne-30cm-vonkajsi-zavit-2\/\">1\/2\u2033 x 1\/2\u2033 pred\u013a\u017eenie skracovate\u013en\u00e9, 30 cm \u2013 vonkaj\u0161\u00ed z\u00e1vit<\/a>, <a href=\"https:\/\/orbit-zavlahy.sk\/obchod\/product\/1-2-spodny-x-5-8-horny-vonkajsi-zavit-pevne-predlzenie\/\">1\/2\u2033 spodn\u00fd x 5\/8\u2033 horn\u00fd vonkaj\u0161\u00ed z\u00e1vit, pevn\u00e9 pred\u013a\u017eenie<\/a> a <a href=\"https:\/\/orbit-zavlahy.sk\/obchod\/product\/1-2-spodny-x-5-8-horny-vonkajsi-zavit-teleskopicke-predlzenie-s-aretaciou\/\">1\/2\u2033 spodn\u00fd x 5\/8\u2033 horn\u00fd vonkaj\u0161\u00ed z\u00e1vit, teleskopick\u00e9 pred\u013a\u017eenie s aret\u00e1ciou<\/a> so z\u00e1vitov\u00fdm kolenom <a href=\"https:\/\/orbit-zavlahy.sk\/obchod\/product\/zavitove-koleno-qj-k-postrekovacu-vonkajsi-zavit\/\">Z\u00e1vitov\u00e9 koleno QJ k postrekova\u010du \u2013 vonkaj\u0161\u00ed z\u00e1vit 20 x 1\/2&#8243;<\/a> a <a href=\"https:\/\/orbit-zavlahy.sk\/obchod\/product\/pruzne-pripojovacie-potrubie-qj-pe-20-mm\/\">zavla\u017eovac\u00edm potrub\u00edm QJ 20 mm<\/a> <\/p>\n","protected":false},"featured_media":1449,"template":"","meta":{"spay_email":""},"product_cat":[46,25,43],"product_tag":[],"_links":{"self":[{"href":"https:\/\/orbit-zavlahy.sk\/obchod\/wp-json\/wp\/v2\/product\/2992"}],"collection":[{"href":"https:\/\/orbit-zavlahy.sk\/obchod\/wp-json\/wp\/v2\/product"}],"about":[{"href":"https:\/\/orbit-zavlahy.sk\/obchod\/wp-json\/wp\/v2\/types\/product"}],"wp:featuredmedia":[{"embeddable":true,"href":"https:\/\/orbit-zavlahy.sk\/obchod\/wp-json\/wp\/v2\/media\/1449"}],"wp:attachment":[{"href":"https:\/\/orbit-zavlahy.sk\/obchod\/wp-json\/wp\/v2\/media?parent=2992"}],"wp:term":[{"taxonomy":"product_cat","embeddable":true,"href":"https:\/\/orbit-zavlahy.sk\/obchod\/wp-json\/wp\/v2\/product_cat?post=2992"},{"taxonomy":"product_tag","embeddable":true,"href":"https:\/\/orbit-zavlahy.sk\/obchod\/wp-json\/wp\/v2\/product_tag?post=2992"}],"curies":[{"name":"wp","href":"https:\/\/api.w.org\/{rel}","templated":true}]}}