{"id":2794,"date":"2020-11-20T14:20:40","date_gmt":"2020-11-20T13:20:40","guid":{"rendered":"https:\/\/orbit-zavlahy.sk\/obchod\/?post_type=product&#038;p=2794"},"modified":"2024-07-24T19:41:52","modified_gmt":"2024-07-24T17:41:52","slug":"lopata-driftmaster","status":"publish","type":"product","link":"https:\/\/orbit-zavlahy.sk\/obchod\/product\/lopata-driftmaster\/","title":{"rendered":"Lopata DriftMaster"},"content":{"rendered":"<ul>\n<li>Lopata je vyroben\u00e1 z polypropyl\u00e9nu, pevn\u00e9ho a vysoko odoln\u00e9ho plastu, ktor\u00fd je z\u00e1rukou dlhej \u017eivotnosti a funk\u010dnosti v\u00fdrobku<\/li>\n<li>Rukov\u00e4\u0165 je v\u00e4\u010d\u0161ej ve\u013ekosti s tvarom do p\u00edsmena D, \u010d\u00edm je lep\u0161ie uchopite\u013en\u00e1 a vhodnej\u0161ia na nar\u00e1banie s \u0165a\u017ek\u00fdm snehom<\/li>\n<li>N\u00e1sada z oce\u013eovej r\u00farky je o\u0161etren\u00e1 ochrann\u00fdm n\u00e1terom proti kor\u00f3zii<\/li>\n<li>Lopata je doplnen\u00e1 o spev\u0148uj\u00facu hranu z galvanizovanej ocele<\/li>\n<li>\u010cepe\u013e m\u00e1 nepri\u013enav\u00fd povrch, v\u010faka \u010domu sa vlhk\u00fd sneh nezachyt\u00e1va na lopate a tak je umo\u017enen\u00e9 jeho r\u00fdchlej\u0161ie a efekt\u00edvnej\u0161ie odh\u0155\u0148anie<\/li>\n<li>Lopata je dostupn\u00e1 v oran\u017eovej farbe<\/li>\n<li>Rozmer lopaty: \u0161\u00edrka 45 cm x v\u00fd\u0161ka 132 cm<\/li>\n<\/ul>\n<p><strong>Pozrite si video:<\/strong><\/p>\n<p><iframe loading=\"lazy\" title=\"DriftMaster Snow Shovels\" width=\"980\" height=\"551\" src=\"https:\/\/www.youtube.com\/embed\/87jOHhKQPQI?feature=oembed\" frameborder=\"0\" allow=\"accelerometer; autoplay; clipboard-write; encrypted-media; gyroscope; picture-in-picture\" allowfullscreen><\/iframe><\/p>\n","protected":false},"excerpt":{"rendered":"<p>Na sneh bola navrhnut\u00e1 lopata, ktor\u00e1 sp\u013a\u0148a v\u0161etky krit\u00e9ri\u00e1 pri odstra\u0148ovan\u00ed snehu. Sk\u00fa\u0161ali sme ju tak, \u017ee sme po nej sk\u00e1kali, dokonca sme nechali prejs\u0165 cez \u0148u Hammer. PS: neodpor\u00fa\u010dame po\u017ei\u010diava\u0165 susedovi, ak ju e\u0161te niekedy chcete ma\u0165 nasp\u00e4\u0165.<\/p>\n","protected":false},"featured_media":2796,"template":"","meta":{"spay_email":""},"product_cat":[82,89,32],"product_tag":[79],"_links":{"self":[{"href":"https:\/\/orbit-zavlahy.sk\/obchod\/wp-json\/wp\/v2\/product\/2794"}],"collection":[{"href":"https:\/\/orbit-zavlahy.sk\/obchod\/wp-json\/wp\/v2\/product"}],"about":[{"href":"https:\/\/orbit-zavlahy.sk\/obchod\/wp-json\/wp\/v2\/types\/product"}],"wp:featuredmedia":[{"embeddable":true,"href":"https:\/\/orbit-zavlahy.sk\/obchod\/wp-json\/wp\/v2\/media\/2796"}],"wp:attachment":[{"href":"https:\/\/orbit-zavlahy.sk\/obchod\/wp-json\/wp\/v2\/media?parent=2794"}],"wp:term":[{"taxonomy":"product_cat","embeddable":true,"href":"https:\/\/orbit-zavlahy.sk\/obchod\/wp-json\/wp\/v2\/product_cat?post=2794"},{"taxonomy":"product_tag","embeddable":true,"href":"https:\/\/orbit-zavlahy.sk\/obchod\/wp-json\/wp\/v2\/product_tag?post=2794"}],"curies":[{"name":"wp","href":"https:\/\/api.w.org\/{rel}","templated":true}]}}