{"id":2671,"date":"2020-11-17T14:45:52","date_gmt":"2020-11-17T13:45:52","guid":{"rendered":"https:\/\/orbit-zavlahy.sk\/eshop\/?post_type=product&#038;p=2671"},"modified":"2020-11-17T14:46:38","modified_gmt":"2020-11-17T13:46:38","slug":"vymenna-tryska-s-vnutornym-zavitom-rozstrek-15-x-91-m-obdlznik","status":"publish","type":"product","link":"https:\/\/orbit-zavlahy.sk\/obchod\/product\/vymenna-tryska-s-vnutornym-zavitom-rozstrek-15-x-91-m-obdlznik\/","title":{"rendered":"V\u00fdmenn\u00e1 tryska s vn\u00fatorn\u00fdm z\u00e1vitom &#8211; rozstrek 1,5 x 9,1 m obd\u013a\u017enik"},"content":{"rendered":"","protected":false},"excerpt":{"rendered":"<p>v\u00fdmenn\u00e1 tryska s vn\u00fatorn\u00fdm z\u00e1vitom rozstrek 1,5 x 9,1 m obd\u013a\u017enik; s filtrom pri tlak 1,7 baru 6,5 l\/min; vzostup 30\u00b0<\/p>\n","protected":false},"featured_media":2672,"template":"","meta":{"spay_email":""},"product_cat":[25,43,44],"product_tag":[],"_links":{"self":[{"href":"https:\/\/orbit-zavlahy.sk\/obchod\/wp-json\/wp\/v2\/product\/2671"}],"collection":[{"href":"https:\/\/orbit-zavlahy.sk\/obchod\/wp-json\/wp\/v2\/product"}],"about":[{"href":"https:\/\/orbit-zavlahy.sk\/obchod\/wp-json\/wp\/v2\/types\/product"}],"wp:featuredmedia":[{"embeddable":true,"href":"https:\/\/orbit-zavlahy.sk\/obchod\/wp-json\/wp\/v2\/media\/2672"}],"wp:attachment":[{"href":"https:\/\/orbit-zavlahy.sk\/obchod\/wp-json\/wp\/v2\/media?parent=2671"}],"wp:term":[{"taxonomy":"product_cat","embeddable":true,"href":"https:\/\/orbit-zavlahy.sk\/obchod\/wp-json\/wp\/v2\/product_cat?post=2671"},{"taxonomy":"product_tag","embeddable":true,"href":"https:\/\/orbit-zavlahy.sk\/obchod\/wp-json\/wp\/v2\/product_tag?post=2671"}],"curies":[{"name":"wp","href":"https:\/\/api.w.org\/{rel}","templated":true}]}}