{"id":2667,"date":"2020-11-17T14:34:24","date_gmt":"2020-11-17T13:34:24","guid":{"rendered":"https:\/\/orbit-zavlahy.sk\/eshop\/?post_type=product&#038;p=2667"},"modified":"2020-11-17T14:35:36","modified_gmt":"2020-11-17T13:35:36","slug":"vymenna-tryska-s-vnutornym-zavitom-rozstrek-13-x-8-m-obdlznik","status":"publish","type":"product","link":"https:\/\/orbit-zavlahy.sk\/obchod\/product\/vymenna-tryska-s-vnutornym-zavitom-rozstrek-13-x-8-m-obdlznik\/","title":{"rendered":"V\u00fdmenn\u00e1 tryska s vn\u00fatorn\u00fdm z\u00e1vitom &#8211; rozstrek 1,3 x 8 m obd\u013a\u017enik"},"content":{"rendered":"","protected":false},"excerpt":{"rendered":"<p>v\u00fdmenn\u00e1 tryska s vn\u00fatorn\u00fdm z\u00e1vitom, rozstrek 1,3 x 8 m obd\u013a\u017enik; s filtrom; pri tlaku 1,7 baru 5,8 l\/min; vzostup 30\u00b0<\/p>\n","protected":false},"featured_media":2668,"template":"","meta":{"spay_email":""},"product_cat":[25,43,44],"product_tag":[],"_links":{"self":[{"href":"https:\/\/orbit-zavlahy.sk\/obchod\/wp-json\/wp\/v2\/product\/2667"}],"collection":[{"href":"https:\/\/orbit-zavlahy.sk\/obchod\/wp-json\/wp\/v2\/product"}],"about":[{"href":"https:\/\/orbit-zavlahy.sk\/obchod\/wp-json\/wp\/v2\/types\/product"}],"wp:featuredmedia":[{"embeddable":true,"href":"https:\/\/orbit-zavlahy.sk\/obchod\/wp-json\/wp\/v2\/media\/2668"}],"wp:attachment":[{"href":"https:\/\/orbit-zavlahy.sk\/obchod\/wp-json\/wp\/v2\/media?parent=2667"}],"wp:term":[{"taxonomy":"product_cat","embeddable":true,"href":"https:\/\/orbit-zavlahy.sk\/obchod\/wp-json\/wp\/v2\/product_cat?post=2667"},{"taxonomy":"product_tag","embeddable":true,"href":"https:\/\/orbit-zavlahy.sk\/obchod\/wp-json\/wp\/v2\/product_tag?post=2667"}],"curies":[{"name":"wp","href":"https:\/\/api.w.org\/{rel}","templated":true}]}}