{"id":2640,"date":"2020-11-16T14:36:46","date_gmt":"2020-11-16T13:36:46","guid":{"rendered":"https:\/\/orbit-zavlahy.sk\/eshop\/?post_type=product&#038;p=2640"},"modified":"2021-01-22T08:59:51","modified_gmt":"2021-01-22T07:59:51","slug":"plastove-vonkajsie-rychle-pripojenie-2-cd","status":"publish","type":"product","link":"https:\/\/orbit-zavlahy.sk\/obchod\/product\/plastove-vonkajsie-rychle-pripojenie-2-cd\/","title":{"rendered":"PLASTOV\u00c9 VONKAJ\u0160IE R\u00ddCHLE PRIPOJENIE, 2\/CD"},"content":{"rendered":"","protected":false},"excerpt":{"rendered":"<p>\u2022 Nepriepustn\u00fd, nehrdzavej\u00faci a nezlomite\u013en\u00fd.<br \/>\n\u2022 Zah\u0155\u0148a 2 vonk. koncovky.<\/p>\n","protected":false},"featured_media":2641,"template":"","meta":{"spay_email":""},"product_cat":[89,32],"product_tag":[],"_links":{"self":[{"href":"https:\/\/orbit-zavlahy.sk\/obchod\/wp-json\/wp\/v2\/product\/2640"}],"collection":[{"href":"https:\/\/orbit-zavlahy.sk\/obchod\/wp-json\/wp\/v2\/product"}],"about":[{"href":"https:\/\/orbit-zavlahy.sk\/obchod\/wp-json\/wp\/v2\/types\/product"}],"wp:featuredmedia":[{"embeddable":true,"href":"https:\/\/orbit-zavlahy.sk\/obchod\/wp-json\/wp\/v2\/media\/2641"}],"wp:attachment":[{"href":"https:\/\/orbit-zavlahy.sk\/obchod\/wp-json\/wp\/v2\/media?parent=2640"}],"wp:term":[{"taxonomy":"product_cat","embeddable":true,"href":"https:\/\/orbit-zavlahy.sk\/obchod\/wp-json\/wp\/v2\/product_cat?post=2640"},{"taxonomy":"product_tag","embeddable":true,"href":"https:\/\/orbit-zavlahy.sk\/obchod\/wp-json\/wp\/v2\/product_tag?post=2640"}],"curies":[{"name":"wp","href":"https:\/\/api.w.org\/{rel}","templated":true}]}}