{"id":2638,"date":"2020-11-16T14:35:53","date_gmt":"2020-11-16T13:35:53","guid":{"rendered":"https:\/\/orbit-zavlahy.sk\/eshop\/?post_type=product&#038;p=2638"},"modified":"2021-01-22T08:59:14","modified_gmt":"2021-01-22T07:59:14","slug":"plastovy-rychlo-pripajaci-set","status":"publish","type":"product","link":"https:\/\/orbit-zavlahy.sk\/obchod\/product\/plastovy-rychlo-pripajaci-set\/","title":{"rendered":"PLASTOV\u00dd R\u00ddCHLOPRIP\u00c1JAC\u00cd SET"},"content":{"rendered":"","protected":false},"excerpt":{"rendered":"<p>\u2022 Pou\u017eite\u013en\u00fd pre v\u0161etky \u0161tandardn\u00e9 z\u00e1hradn\u00e9 hadice.<br \/>\n\u2022 Nepriepustn\u00fd, nehrdzavej\u00faci a odoln\u00fd.<br \/>\n\u2022 Zah\u0155\u0148a: 2 vonkaj\u0161ie a 1 vn\u00fatorn\u00fa koncovku.<\/p>\n","protected":false},"featured_media":2639,"template":"","meta":{"spay_email":""},"product_cat":[89,32],"product_tag":[],"_links":{"self":[{"href":"https:\/\/orbit-zavlahy.sk\/obchod\/wp-json\/wp\/v2\/product\/2638"}],"collection":[{"href":"https:\/\/orbit-zavlahy.sk\/obchod\/wp-json\/wp\/v2\/product"}],"about":[{"href":"https:\/\/orbit-zavlahy.sk\/obchod\/wp-json\/wp\/v2\/types\/product"}],"wp:featuredmedia":[{"embeddable":true,"href":"https:\/\/orbit-zavlahy.sk\/obchod\/wp-json\/wp\/v2\/media\/2639"}],"wp:attachment":[{"href":"https:\/\/orbit-zavlahy.sk\/obchod\/wp-json\/wp\/v2\/media?parent=2638"}],"wp:term":[{"taxonomy":"product_cat","embeddable":true,"href":"https:\/\/orbit-zavlahy.sk\/obchod\/wp-json\/wp\/v2\/product_cat?post=2638"},{"taxonomy":"product_tag","embeddable":true,"href":"https:\/\/orbit-zavlahy.sk\/obchod\/wp-json\/wp\/v2\/product_tag?post=2638"}],"curies":[{"name":"wp","href":"https:\/\/api.w.org\/{rel}","templated":true}]}}