{"id":2631,"date":"2020-11-16T14:29:42","date_gmt":"2020-11-16T13:29:42","guid":{"rendered":"https:\/\/orbit-zavlahy.sk\/eshop\/?post_type=product&#038;p=2631"},"modified":"2021-01-20T14:44:41","modified_gmt":"2021-01-20T13:44:41","slug":"kovovy-rozdelovac-2-moznosti-pripojenia","status":"publish","type":"product","link":"https:\/\/orbit-zavlahy.sk\/obchod\/product\/kovovy-rozdelovac-2-moznosti-pripojenia\/","title":{"rendered":"Kovov\u00fd rozdelova\u010d, 2 mo\u017enosti pripojenia"},"content":{"rendered":"","protected":false},"excerpt":{"rendered":"<p>\u2022 2 mo\u017enost\u00ed pripojenia &#8211; ka\u017ed\u00fd v\u00fdvod so samostatn\u00fdm uzatv\u00e1rac\u00edm ventilom<br \/>\n\u2022 \u0160tandardn\u00e9 3\/4\u201d pripojenie.<\/p>\n","protected":false},"featured_media":2634,"template":"","meta":{"spay_email":""},"product_cat":[85,32],"product_tag":[],"_links":{"self":[{"href":"https:\/\/orbit-zavlahy.sk\/obchod\/wp-json\/wp\/v2\/product\/2631"}],"collection":[{"href":"https:\/\/orbit-zavlahy.sk\/obchod\/wp-json\/wp\/v2\/product"}],"about":[{"href":"https:\/\/orbit-zavlahy.sk\/obchod\/wp-json\/wp\/v2\/types\/product"}],"wp:featuredmedia":[{"embeddable":true,"href":"https:\/\/orbit-zavlahy.sk\/obchod\/wp-json\/wp\/v2\/media\/2634"}],"wp:attachment":[{"href":"https:\/\/orbit-zavlahy.sk\/obchod\/wp-json\/wp\/v2\/media?parent=2631"}],"wp:term":[{"taxonomy":"product_cat","embeddable":true,"href":"https:\/\/orbit-zavlahy.sk\/obchod\/wp-json\/wp\/v2\/product_cat?post=2631"},{"taxonomy":"product_tag","embeddable":true,"href":"https:\/\/orbit-zavlahy.sk\/obchod\/wp-json\/wp\/v2\/product_tag?post=2631"}],"curies":[{"name":"wp","href":"https:\/\/api.w.org\/{rel}","templated":true}]}}