{"id":2629,"date":"2020-11-16T14:28:03","date_gmt":"2020-11-16T13:28:03","guid":{"rendered":"https:\/\/orbit-zavlahy.sk\/eshop\/?post_type=product&#038;p=2629"},"modified":"2021-01-20T14:44:41","modified_gmt":"2021-01-20T13:44:41","slug":"pozinkovany-rozdelovac-5-moznosti-pripojenia","status":"publish","type":"product","link":"https:\/\/orbit-zavlahy.sk\/obchod\/product\/pozinkovany-rozdelovac-5-moznosti-pripojenia\/","title":{"rendered":"Pozinkovan\u00fd rozdelova\u010d, 5 mo\u017enost\u00ed pripojenia"},"content":{"rendered":"","protected":false},"excerpt":{"rendered":"<p>\u2022 Siln\u00e1 pozinkovan\u00e1 rebrovan\u00e1 kon\u0161trukcia.<br \/>\n\u2022 \u0160tandardn\u00e9 3\/4\u201d pripojenie.<br \/>\n\u2022 5 mo\u017enost\u00ed pripojenia, ka\u017ed\u00fd so samostatn\u00fdm uzatv\u00e1rac\u00edm ventilom.<\/p>\n","protected":false},"featured_media":2630,"template":"","meta":{"spay_email":""},"product_cat":[85,32],"product_tag":[],"_links":{"self":[{"href":"https:\/\/orbit-zavlahy.sk\/obchod\/wp-json\/wp\/v2\/product\/2629"}],"collection":[{"href":"https:\/\/orbit-zavlahy.sk\/obchod\/wp-json\/wp\/v2\/product"}],"about":[{"href":"https:\/\/orbit-zavlahy.sk\/obchod\/wp-json\/wp\/v2\/types\/product"}],"wp:featuredmedia":[{"embeddable":true,"href":"https:\/\/orbit-zavlahy.sk\/obchod\/wp-json\/wp\/v2\/media\/2630"}],"wp:attachment":[{"href":"https:\/\/orbit-zavlahy.sk\/obchod\/wp-json\/wp\/v2\/media?parent=2629"}],"wp:term":[{"taxonomy":"product_cat","embeddable":true,"href":"https:\/\/orbit-zavlahy.sk\/obchod\/wp-json\/wp\/v2\/product_cat?post=2629"},{"taxonomy":"product_tag","embeddable":true,"href":"https:\/\/orbit-zavlahy.sk\/obchod\/wp-json\/wp\/v2\/product_tag?post=2629"}],"curies":[{"name":"wp","href":"https:\/\/api.w.org\/{rel}","templated":true}]}}