{"id":2627,"date":"2020-11-16T14:26:59","date_gmt":"2020-11-16T13:26:59","guid":{"rendered":"https:\/\/orbit-zavlahy.sk\/eshop\/?post_type=product&#038;p=2627"},"modified":"2021-01-20T14:44:41","modified_gmt":"2021-01-20T13:44:41","slug":"mosadzny-rozdelovac-4-moznosti-pripojenia","status":"publish","type":"product","link":"https:\/\/orbit-zavlahy.sk\/obchod\/product\/mosadzny-rozdelovac-4-moznosti-pripojenia\/","title":{"rendered":"Mosadzn\u00fd rozdelova\u010d, 4 mo\u017enosti pripojenia"},"content":{"rendered":"","protected":false},"excerpt":{"rendered":"<p>\u2022 4 mo\u017enosti pripojenia, ka\u017ed\u00fd so samostatn\u00fdm uzatv\u00e1rac\u00edm ventilom.<br \/>\n\u2022 \u0160tandardn\u00e9 3\/4\u201d pripojenie.<br \/>\n\u2022 Dod\u00e1van\u00e9 s pr\u00edpojnou maticou pre lep\u0161iu stabilitu.<\/p>\n","protected":false},"featured_media":2628,"template":"","meta":{"spay_email":""},"product_cat":[85,32],"product_tag":[],"_links":{"self":[{"href":"https:\/\/orbit-zavlahy.sk\/obchod\/wp-json\/wp\/v2\/product\/2627"}],"collection":[{"href":"https:\/\/orbit-zavlahy.sk\/obchod\/wp-json\/wp\/v2\/product"}],"about":[{"href":"https:\/\/orbit-zavlahy.sk\/obchod\/wp-json\/wp\/v2\/types\/product"}],"wp:featuredmedia":[{"embeddable":true,"href":"https:\/\/orbit-zavlahy.sk\/obchod\/wp-json\/wp\/v2\/media\/2628"}],"wp:attachment":[{"href":"https:\/\/orbit-zavlahy.sk\/obchod\/wp-json\/wp\/v2\/media?parent=2627"}],"wp:term":[{"taxonomy":"product_cat","embeddable":true,"href":"https:\/\/orbit-zavlahy.sk\/obchod\/wp-json\/wp\/v2\/product_cat?post=2627"},{"taxonomy":"product_tag","embeddable":true,"href":"https:\/\/orbit-zavlahy.sk\/obchod\/wp-json\/wp\/v2\/product_tag?post=2627"}],"curies":[{"name":"wp","href":"https:\/\/api.w.org\/{rel}","templated":true}]}}