{"id":2622,"date":"2020-11-16T14:20:10","date_gmt":"2020-11-16T13:20:10","guid":{"rendered":"https:\/\/orbit-zavlahy.sk\/eshop\/?post_type=product&#038;p=2622"},"modified":"2021-01-20T14:49:05","modified_gmt":"2021-01-20T13:49:05","slug":"set-3-kovovych-rucnych-zavlazovacich-pistoli","status":"publish","type":"product","link":"https:\/\/orbit-zavlahy.sk\/obchod\/product\/set-3-kovovych-rucnych-zavlazovacich-pistoli\/","title":{"rendered":"SET 3 KOVOV\u00ddCH RU\u010cN\u00ddCH ZAVLA\u017dOVAC\u00cdCH PI\u0160TOL\u00cd"},"content":{"rendered":"","protected":false},"excerpt":{"rendered":"<p>\u2022 Vyroben\u00e9 z odolnej kovovej kon\u0161trukcie.<br \/>\n\u2022 \u0160tandardn\u00e9 3\/4\u201d pripojenie.<br \/>\n\u2022 Mo\u017enosti nastavenia zavla\u017eovania od jemnej hmly a\u017e po siln\u00fd pr\u00fad.<\/p>\n","protected":false},"featured_media":2623,"template":"","meta":{"spay_email":""},"product_cat":[32,86],"product_tag":[],"_links":{"self":[{"href":"https:\/\/orbit-zavlahy.sk\/obchod\/wp-json\/wp\/v2\/product\/2622"}],"collection":[{"href":"https:\/\/orbit-zavlahy.sk\/obchod\/wp-json\/wp\/v2\/product"}],"about":[{"href":"https:\/\/orbit-zavlahy.sk\/obchod\/wp-json\/wp\/v2\/types\/product"}],"wp:featuredmedia":[{"embeddable":true,"href":"https:\/\/orbit-zavlahy.sk\/obchod\/wp-json\/wp\/v2\/media\/2623"}],"wp:attachment":[{"href":"https:\/\/orbit-zavlahy.sk\/obchod\/wp-json\/wp\/v2\/media?parent=2622"}],"wp:term":[{"taxonomy":"product_cat","embeddable":true,"href":"https:\/\/orbit-zavlahy.sk\/obchod\/wp-json\/wp\/v2\/product_cat?post=2622"},{"taxonomy":"product_tag","embeddable":true,"href":"https:\/\/orbit-zavlahy.sk\/obchod\/wp-json\/wp\/v2\/product_tag?post=2622"}],"curies":[{"name":"wp","href":"https:\/\/api.w.org\/{rel}","templated":true}]}}