{"id":2620,"date":"2020-11-16T14:19:07","date_gmt":"2020-11-16T13:19:07","guid":{"rendered":"https:\/\/orbit-zavlahy.sk\/eshop\/?post_type=product&#038;p=2620"},"modified":"2021-01-20T14:49:05","modified_gmt":"2021-01-20T13:49:05","slug":"plastovy-set","status":"publish","type":"product","link":"https:\/\/orbit-zavlahy.sk\/obchod\/product\/plastovy-set\/","title":{"rendered":"PLASTOV\u00dd SET"},"content":{"rendered":"","protected":false},"excerpt":{"rendered":"<p>\u2022 Ka\u017ed\u00e1 z pi\u0161tol\u00ed m\u00e1 7 mo\u017enost\u00ed nastavenia.<br \/>\n\u2022 Izolovan\u00e1 rukov\u00e4\u0165, \u0161tandardn\u00e9 3\/4\u201d pripojenie.<br \/>\n\u2022 Nastavenie zavla\u017eovania od jemnej hmly po siln\u00fd pr\u00fad.<\/p>\n","protected":false},"featured_media":2621,"template":"","meta":{"spay_email":""},"product_cat":[32,86],"product_tag":[],"_links":{"self":[{"href":"https:\/\/orbit-zavlahy.sk\/obchod\/wp-json\/wp\/v2\/product\/2620"}],"collection":[{"href":"https:\/\/orbit-zavlahy.sk\/obchod\/wp-json\/wp\/v2\/product"}],"about":[{"href":"https:\/\/orbit-zavlahy.sk\/obchod\/wp-json\/wp\/v2\/types\/product"}],"wp:featuredmedia":[{"embeddable":true,"href":"https:\/\/orbit-zavlahy.sk\/obchod\/wp-json\/wp\/v2\/media\/2621"}],"wp:attachment":[{"href":"https:\/\/orbit-zavlahy.sk\/obchod\/wp-json\/wp\/v2\/media?parent=2620"}],"wp:term":[{"taxonomy":"product_cat","embeddable":true,"href":"https:\/\/orbit-zavlahy.sk\/obchod\/wp-json\/wp\/v2\/product_cat?post=2620"},{"taxonomy":"product_tag","embeddable":true,"href":"https:\/\/orbit-zavlahy.sk\/obchod\/wp-json\/wp\/v2\/product_tag?post=2620"}],"curies":[{"name":"wp","href":"https:\/\/api.w.org\/{rel}","templated":true}]}}