{"id":2609,"date":"2020-11-16T14:14:33","date_gmt":"2020-11-16T13:14:33","guid":{"rendered":"https:\/\/orbit-zavlahy.sk\/eshop\/?post_type=product&#038;p=2609"},"modified":"2021-01-20T15:19:20","modified_gmt":"2021-01-20T14:19:20","slug":"hlinikovy-rozprasovac","status":"publish","type":"product","link":"https:\/\/orbit-zavlahy.sk\/obchod\/product\/hlinikovy-rozprasovac\/","title":{"rendered":"HLIN\u00cdKOV\u00dd ROZPRA\u0160OVA\u010c"},"content":{"rendered":"","protected":false},"excerpt":{"rendered":"<p>\u2022 Ide\u00e1lny pre jemn\u00fd postrek kvet\u00edn, kr\u00edkov a novo vysiate plochy.<br \/>\n\u2022 Tla\u010d\u00edtko na riadenie prietoku vody ako aj vypnutie a zapnutie.<\/p>\n","protected":false},"featured_media":2613,"template":"","meta":{"spay_email":""},"product_cat":[32,86],"product_tag":[],"_links":{"self":[{"href":"https:\/\/orbit-zavlahy.sk\/obchod\/wp-json\/wp\/v2\/product\/2609"}],"collection":[{"href":"https:\/\/orbit-zavlahy.sk\/obchod\/wp-json\/wp\/v2\/product"}],"about":[{"href":"https:\/\/orbit-zavlahy.sk\/obchod\/wp-json\/wp\/v2\/types\/product"}],"wp:featuredmedia":[{"embeddable":true,"href":"https:\/\/orbit-zavlahy.sk\/obchod\/wp-json\/wp\/v2\/media\/2613"}],"wp:attachment":[{"href":"https:\/\/orbit-zavlahy.sk\/obchod\/wp-json\/wp\/v2\/media?parent=2609"}],"wp:term":[{"taxonomy":"product_cat","embeddable":true,"href":"https:\/\/orbit-zavlahy.sk\/obchod\/wp-json\/wp\/v2\/product_cat?post=2609"},{"taxonomy":"product_tag","embeddable":true,"href":"https:\/\/orbit-zavlahy.sk\/obchod\/wp-json\/wp\/v2\/product_tag?post=2609"}],"curies":[{"name":"wp","href":"https:\/\/api.w.org\/{rel}","templated":true}]}}