{"id":2603,"date":"2020-11-16T14:01:58","date_gmt":"2020-11-16T13:01:58","guid":{"rendered":"https:\/\/orbit-zavlahy.sk\/eshop\/?post_type=product&#038;p=2603"},"modified":"2021-01-20T14:49:06","modified_gmt":"2021-01-20T13:49:06","slug":"plastova-zavlazovacia-pistol-dbx","status":"publish","type":"product","link":"https:\/\/orbit-zavlahy.sk\/obchod\/product\/plastova-zavlazovacia-pistol-dbx\/","title":{"rendered":"PLASTOV\u00c1 ZAVLA\u017dOVACIA PI\u0160TO\u013d, DBX"},"content":{"rendered":"","protected":false},"excerpt":{"rendered":"<p>\u2022 Izolovan\u00e1 rukov\u00e4\u0165 proti podchladeniu alebo pop\u00e1leniu.<br \/>\n\u2022 Nastavenie zavla\u017eovania od jemnej hmly a\u017e po siln\u00fd pr\u00fad.<br \/>\n\u2022 Vyroben\u00e9 z nehrdzavej\u00facich materi\u00e1lov.<\/p>\n","protected":false},"featured_media":2608,"template":"","meta":{"spay_email":""},"product_cat":[32,86],"product_tag":[],"_links":{"self":[{"href":"https:\/\/orbit-zavlahy.sk\/obchod\/wp-json\/wp\/v2\/product\/2603"}],"collection":[{"href":"https:\/\/orbit-zavlahy.sk\/obchod\/wp-json\/wp\/v2\/product"}],"about":[{"href":"https:\/\/orbit-zavlahy.sk\/obchod\/wp-json\/wp\/v2\/types\/product"}],"wp:featuredmedia":[{"embeddable":true,"href":"https:\/\/orbit-zavlahy.sk\/obchod\/wp-json\/wp\/v2\/media\/2608"}],"wp:attachment":[{"href":"https:\/\/orbit-zavlahy.sk\/obchod\/wp-json\/wp\/v2\/media?parent=2603"}],"wp:term":[{"taxonomy":"product_cat","embeddable":true,"href":"https:\/\/orbit-zavlahy.sk\/obchod\/wp-json\/wp\/v2\/product_cat?post=2603"},{"taxonomy":"product_tag","embeddable":true,"href":"https:\/\/orbit-zavlahy.sk\/obchod\/wp-json\/wp\/v2\/product_tag?post=2603"}],"curies":[{"name":"wp","href":"https:\/\/api.w.org\/{rel}","templated":true}]}}