{"id":2601,"date":"2020-11-16T14:01:09","date_gmt":"2020-11-16T13:01:09","guid":{"rendered":"https:\/\/orbit-zavlahy.sk\/eshop\/?post_type=product&#038;p=2601"},"modified":"2021-01-20T14:49:06","modified_gmt":"2021-01-20T13:49:06","slug":"zavlazovacia-pistol","status":"publish","type":"product","link":"https:\/\/orbit-zavlahy.sk\/obchod\/product\/zavlazovacia-pistol\/","title":{"rendered":"ZAVLA\u017dOVACIA PI\u0160TO\u013d"},"content":{"rendered":"","protected":false},"excerpt":{"rendered":"<p>\u2022 \u013dahk\u00e1 hlin\u00edkov\u00e1 kon\u0161trukcia.<br \/>\n\u2022 Ergonomick\u00fd dizajn uchopenia rukov\u00e4te.<br \/>\n\u2022 Izolovan\u00e1 rukov\u00e4\u0165 proti podchladeniu alebo pop\u00e1leniu.<\/p>\n","protected":false},"featured_media":2602,"template":"","meta":{"spay_email":""},"product_cat":[32,86],"product_tag":[],"_links":{"self":[{"href":"https:\/\/orbit-zavlahy.sk\/obchod\/wp-json\/wp\/v2\/product\/2601"}],"collection":[{"href":"https:\/\/orbit-zavlahy.sk\/obchod\/wp-json\/wp\/v2\/product"}],"about":[{"href":"https:\/\/orbit-zavlahy.sk\/obchod\/wp-json\/wp\/v2\/types\/product"}],"wp:featuredmedia":[{"embeddable":true,"href":"https:\/\/orbit-zavlahy.sk\/obchod\/wp-json\/wp\/v2\/media\/2602"}],"wp:attachment":[{"href":"https:\/\/orbit-zavlahy.sk\/obchod\/wp-json\/wp\/v2\/media?parent=2601"}],"wp:term":[{"taxonomy":"product_cat","embeddable":true,"href":"https:\/\/orbit-zavlahy.sk\/obchod\/wp-json\/wp\/v2\/product_cat?post=2601"},{"taxonomy":"product_tag","embeddable":true,"href":"https:\/\/orbit-zavlahy.sk\/obchod\/wp-json\/wp\/v2\/product_tag?post=2601"}],"curies":[{"name":"wp","href":"https:\/\/api.w.org\/{rel}","templated":true}]}}