{"id":2599,"date":"2020-11-16T14:00:03","date_gmt":"2020-11-16T13:00:03","guid":{"rendered":"https:\/\/orbit-zavlahy.sk\/eshop\/?post_type=product&#038;p=2599"},"modified":"2021-01-20T14:49:06","modified_gmt":"2021-01-20T13:49:06","slug":"zavlazovacia-pistol-cd","status":"publish","type":"product","link":"https:\/\/orbit-zavlahy.sk\/obchod\/product\/zavlazovacia-pistol-cd\/","title":{"rendered":"ZAVLA\u017dOVACIA PI\u0160TO\u013d, CD"},"content":{"rendered":"","protected":false},"excerpt":{"rendered":"<p>\u2022 Zinkov\u00e1 kon\u0161trukcia, s oto\u010dnou hlavicou pre v\u00fdber zavla\u017eovacieho m\u00f3du, Izolovan\u00e1<br \/>\nrukov\u00e4\u0165 umo\u017e\u0148uje pou\u017ei\u0165 vodu hor\u00facu a\u017e 130 \u00b0C.<br \/>\n\u2022 Nastavenie zavla\u017eovania od jemnej hmly a\u017e po siln\u00fd pr\u00fad.<br \/>\n\u2022 Z\u00e1mok na klip pre kon\u0161tatn\u00fd prietok vody, mosadzn\u00e1 tryska.<\/p>\n","protected":false},"featured_media":2600,"template":"","meta":{"spay_email":""},"product_cat":[32,86],"product_tag":[],"_links":{"self":[{"href":"https:\/\/orbit-zavlahy.sk\/obchod\/wp-json\/wp\/v2\/product\/2599"}],"collection":[{"href":"https:\/\/orbit-zavlahy.sk\/obchod\/wp-json\/wp\/v2\/product"}],"about":[{"href":"https:\/\/orbit-zavlahy.sk\/obchod\/wp-json\/wp\/v2\/types\/product"}],"wp:featuredmedia":[{"embeddable":true,"href":"https:\/\/orbit-zavlahy.sk\/obchod\/wp-json\/wp\/v2\/media\/2600"}],"wp:attachment":[{"href":"https:\/\/orbit-zavlahy.sk\/obchod\/wp-json\/wp\/v2\/media?parent=2599"}],"wp:term":[{"taxonomy":"product_cat","embeddable":true,"href":"https:\/\/orbit-zavlahy.sk\/obchod\/wp-json\/wp\/v2\/product_cat?post=2599"},{"taxonomy":"product_tag","embeddable":true,"href":"https:\/\/orbit-zavlahy.sk\/obchod\/wp-json\/wp\/v2\/product_tag?post=2599"}],"curies":[{"name":"wp","href":"https:\/\/api.w.org\/{rel}","templated":true}]}}