{"id":2597,"date":"2020-11-16T13:58:00","date_gmt":"2020-11-16T12:58:00","guid":{"rendered":"https:\/\/orbit-zavlahy.sk\/eshop\/?post_type=product&#038;p=2597"},"modified":"2021-01-20T14:49:07","modified_gmt":"2021-01-20T13:49:07","slug":"deluxe-pozinkovana-zavlazovacia-pistol-cd","status":"publish","type":"product","link":"https:\/\/orbit-zavlahy.sk\/obchod\/product\/deluxe-pozinkovana-zavlazovacia-pistol-cd\/","title":{"rendered":"DELUXE POZINKOVAN\u00c1 ZAVLA\u017dOVACIA PI\u0160TO\u013d, CD"},"content":{"rendered":"","protected":false},"excerpt":{"rendered":"<p>\u2022 Nastavenie zavla\u017eovania od jemnej hmly po siln\u00fd pr\u00fad.<br \/>\n\u2022 Z\u00e1mok na klip pre kon\u0161tantn\u00fd prietok vody.<\/p>\n","protected":false},"featured_media":2598,"template":"","meta":{"spay_email":""},"product_cat":[32,86],"product_tag":[],"_links":{"self":[{"href":"https:\/\/orbit-zavlahy.sk\/obchod\/wp-json\/wp\/v2\/product\/2597"}],"collection":[{"href":"https:\/\/orbit-zavlahy.sk\/obchod\/wp-json\/wp\/v2\/product"}],"about":[{"href":"https:\/\/orbit-zavlahy.sk\/obchod\/wp-json\/wp\/v2\/types\/product"}],"wp:featuredmedia":[{"embeddable":true,"href":"https:\/\/orbit-zavlahy.sk\/obchod\/wp-json\/wp\/v2\/media\/2598"}],"wp:attachment":[{"href":"https:\/\/orbit-zavlahy.sk\/obchod\/wp-json\/wp\/v2\/media?parent=2597"}],"wp:term":[{"taxonomy":"product_cat","embeddable":true,"href":"https:\/\/orbit-zavlahy.sk\/obchod\/wp-json\/wp\/v2\/product_cat?post=2597"},{"taxonomy":"product_tag","embeddable":true,"href":"https:\/\/orbit-zavlahy.sk\/obchod\/wp-json\/wp\/v2\/product_tag?post=2597"}],"curies":[{"name":"wp","href":"https:\/\/api.w.org\/{rel}","templated":true}]}}