{"id":2593,"date":"2020-11-16T13:55:57","date_gmt":"2020-11-16T12:55:57","guid":{"rendered":"https:\/\/orbit-zavlahy.sk\/eshop\/?post_type=product&#038;p=2593"},"modified":"2021-01-20T14:49:07","modified_gmt":"2021-01-20T13:49:07","slug":"ultralahka-zavlazovacia-pistol","status":"publish","type":"product","link":"https:\/\/orbit-zavlahy.sk\/obchod\/product\/ultralahka-zavlazovacia-pistol\/","title":{"rendered":"ULTRA\u013dAHK\u00c1 ZAVLA\u017dOVACIA PI\u0160TO\u013d"},"content":{"rendered":"","protected":false},"excerpt":{"rendered":"<p>\u2022 \u013dahk\u00e1 hlin\u00edkov\u00e1 kon\u0161trukcia.<br \/>\n\u2022 Ergonomick\u00fd dizajn uchopenia rukov\u00e4te.<br \/>\n\u2022 Izolovan\u00e1 rukov\u00e4\u0165 proti podchladeniu alebo pop\u00e1leniu.<\/p>\n","protected":false},"featured_media":2594,"template":"","meta":{"spay_email":""},"product_cat":[32,86],"product_tag":[],"_links":{"self":[{"href":"https:\/\/orbit-zavlahy.sk\/obchod\/wp-json\/wp\/v2\/product\/2593"}],"collection":[{"href":"https:\/\/orbit-zavlahy.sk\/obchod\/wp-json\/wp\/v2\/product"}],"about":[{"href":"https:\/\/orbit-zavlahy.sk\/obchod\/wp-json\/wp\/v2\/types\/product"}],"wp:featuredmedia":[{"embeddable":true,"href":"https:\/\/orbit-zavlahy.sk\/obchod\/wp-json\/wp\/v2\/media\/2594"}],"wp:attachment":[{"href":"https:\/\/orbit-zavlahy.sk\/obchod\/wp-json\/wp\/v2\/media?parent=2593"}],"wp:term":[{"taxonomy":"product_cat","embeddable":true,"href":"https:\/\/orbit-zavlahy.sk\/obchod\/wp-json\/wp\/v2\/product_cat?post=2593"},{"taxonomy":"product_tag","embeddable":true,"href":"https:\/\/orbit-zavlahy.sk\/obchod\/wp-json\/wp\/v2\/product_tag?post=2593"}],"curies":[{"name":"wp","href":"https:\/\/api.w.org\/{rel}","templated":true}]}}