{"id":2591,"date":"2020-11-16T13:52:42","date_gmt":"2020-11-16T12:52:42","guid":{"rendered":"https:\/\/orbit-zavlahy.sk\/eshop\/?post_type=product&#038;p=2591"},"modified":"2021-01-20T14:49:08","modified_gmt":"2021-01-20T13:49:08","slug":"zavlazovacia-pistol-zinc","status":"publish","type":"product","link":"https:\/\/orbit-zavlahy.sk\/obchod\/product\/zavlazovacia-pistol-zinc\/","title":{"rendered":"ZAVLA\u017dOVACIA PI\u0160TO\u013d, ZINC"},"content":{"rendered":"","protected":false},"excerpt":{"rendered":"<p>\u2022 \u013dahko nastavite\u013en\u00e1 od jemnej hmly a\u017e po siln\u00fd pr\u00fad.<br \/>\n\u2022 Pozinkovan\u00e1 kon\u0161trukcia, tryska z mosadze.<br \/>\n\u2022 Izolovan\u00e1 rukov\u00e4\u0165 odoln\u00e1 proti podchladeniu alebo pop\u00e1leniu.<\/p>\n","protected":false},"featured_media":2592,"template":"","meta":{"spay_email":""},"product_cat":[32,86],"product_tag":[],"_links":{"self":[{"href":"https:\/\/orbit-zavlahy.sk\/obchod\/wp-json\/wp\/v2\/product\/2591"}],"collection":[{"href":"https:\/\/orbit-zavlahy.sk\/obchod\/wp-json\/wp\/v2\/product"}],"about":[{"href":"https:\/\/orbit-zavlahy.sk\/obchod\/wp-json\/wp\/v2\/types\/product"}],"wp:featuredmedia":[{"embeddable":true,"href":"https:\/\/orbit-zavlahy.sk\/obchod\/wp-json\/wp\/v2\/media\/2592"}],"wp:attachment":[{"href":"https:\/\/orbit-zavlahy.sk\/obchod\/wp-json\/wp\/v2\/media?parent=2591"}],"wp:term":[{"taxonomy":"product_cat","embeddable":true,"href":"https:\/\/orbit-zavlahy.sk\/obchod\/wp-json\/wp\/v2\/product_cat?post=2591"},{"taxonomy":"product_tag","embeddable":true,"href":"https:\/\/orbit-zavlahy.sk\/obchod\/wp-json\/wp\/v2\/product_tag?post=2591"}],"curies":[{"name":"wp","href":"https:\/\/api.w.org\/{rel}","templated":true}]}}