{"id":2589,"date":"2020-11-16T13:51:27","date_gmt":"2020-11-16T12:51:27","guid":{"rendered":"https:\/\/orbit-zavlahy.sk\/eshop\/?post_type=product&#038;p=2589"},"modified":"2021-01-20T14:49:08","modified_gmt":"2021-01-20T13:49:08","slug":"zavlazovacia-pistol-mid","status":"publish","type":"product","link":"https:\/\/orbit-zavlahy.sk\/obchod\/product\/zavlazovacia-pistol-mid\/","title":{"rendered":"ZAVLA\u017dOVACIA PI\u0160TO\u013d &#8211; MID"},"content":{"rendered":"","protected":false},"excerpt":{"rendered":"<p>\u2022 Zadn\u00fd sp\u00edna\u010d pre dobr\u00fa kontrolu.<br \/>\n\u2022 Ergonomick\u00e1 rukov\u00e4\u0165 pre pohodln\u00e9 uchopenie.<\/p>\n","protected":false},"featured_media":2590,"template":"","meta":{"spay_email":""},"product_cat":[32,86],"product_tag":[],"_links":{"self":[{"href":"https:\/\/orbit-zavlahy.sk\/obchod\/wp-json\/wp\/v2\/product\/2589"}],"collection":[{"href":"https:\/\/orbit-zavlahy.sk\/obchod\/wp-json\/wp\/v2\/product"}],"about":[{"href":"https:\/\/orbit-zavlahy.sk\/obchod\/wp-json\/wp\/v2\/types\/product"}],"wp:featuredmedia":[{"embeddable":true,"href":"https:\/\/orbit-zavlahy.sk\/obchod\/wp-json\/wp\/v2\/media\/2590"}],"wp:attachment":[{"href":"https:\/\/orbit-zavlahy.sk\/obchod\/wp-json\/wp\/v2\/media?parent=2589"}],"wp:term":[{"taxonomy":"product_cat","embeddable":true,"href":"https:\/\/orbit-zavlahy.sk\/obchod\/wp-json\/wp\/v2\/product_cat?post=2589"},{"taxonomy":"product_tag","embeddable":true,"href":"https:\/\/orbit-zavlahy.sk\/obchod\/wp-json\/wp\/v2\/product_tag?post=2589"}],"curies":[{"name":"wp","href":"https:\/\/api.w.org\/{rel}","templated":true}]}}