{"id":2576,"date":"2020-11-16T13:38:23","date_gmt":"2020-11-16T12:38:23","guid":{"rendered":"https:\/\/orbit-zavlahy.sk\/eshop\/?post_type=product&#038;p=2576"},"modified":"2024-12-08T04:37:45","modified_gmt":"2024-12-08T03:37:45","slug":"signature-zavlazovacia-pistol-mid","status":"publish","type":"product","link":"https:\/\/orbit-zavlahy.sk\/obchod\/product\/signature-zavlazovacia-pistol-mid\/","title":{"rendered":"SIGNATURE &#8211; ZAVLA\u017dOVACIA PI\u0160TO\u013d, MID"},"content":{"rendered":"","protected":false},"excerpt":{"rendered":"<p>\u2022 10 mo\u017enost\u00ed nastavenia zavla\u017eovania od jemn\u00e9ho &#8211; ako d\u00e1\u017e\u010f a\u017e po siln\u00fd pr\u00fad.<br \/>\n\u2022 Ergonomick\u00fd dizajn uchopenia pre pohodln\u00e9 pou\u017e\u00edvanie, mo\u017enos\u0165 zamknutia pi\u0161tole<br \/>\nv akejko\u013evek polohe.<\/p>\n","protected":false},"featured_media":2581,"template":"","meta":{"spay_email":""},"product_cat":[32,86],"product_tag":[],"_links":{"self":[{"href":"https:\/\/orbit-zavlahy.sk\/obchod\/wp-json\/wp\/v2\/product\/2576"}],"collection":[{"href":"https:\/\/orbit-zavlahy.sk\/obchod\/wp-json\/wp\/v2\/product"}],"about":[{"href":"https:\/\/orbit-zavlahy.sk\/obchod\/wp-json\/wp\/v2\/types\/product"}],"wp:featuredmedia":[{"embeddable":true,"href":"https:\/\/orbit-zavlahy.sk\/obchod\/wp-json\/wp\/v2\/media\/2581"}],"wp:attachment":[{"href":"https:\/\/orbit-zavlahy.sk\/obchod\/wp-json\/wp\/v2\/media?parent=2576"}],"wp:term":[{"taxonomy":"product_cat","embeddable":true,"href":"https:\/\/orbit-zavlahy.sk\/obchod\/wp-json\/wp\/v2\/product_cat?post=2576"},{"taxonomy":"product_tag","embeddable":true,"href":"https:\/\/orbit-zavlahy.sk\/obchod\/wp-json\/wp\/v2\/product_tag?post=2576"}],"curies":[{"name":"wp","href":"https:\/\/api.w.org\/{rel}","templated":true}]}}