{"id":2562,"date":"2020-11-16T13:28:40","date_gmt":"2020-11-16T12:28:40","guid":{"rendered":"https:\/\/orbit-zavlahy.sk\/eshop\/?post_type=product&#038;p=2562"},"modified":"2021-01-20T14:49:10","modified_gmt":"2021-01-20T13:49:10","slug":"magnum-zavlazovacia-pistol","status":"publish","type":"product","link":"https:\/\/orbit-zavlahy.sk\/obchod\/product\/magnum-zavlazovacia-pistol\/","title":{"rendered":"MAGNUM &#8211; ZAVLA\u017dOVACIA PI\u0160TO\u013d"},"content":{"rendered":"","protected":false},"excerpt":{"rendered":"<p>\u2022 Kovov\u00e1 kon\u0161trukcia s izolovanou rukov\u00e4\u0165ou proti podchladeniu alebo pop\u00e1leniu.<br \/>\n\u2022 Ve\u013ek\u00e1 p\u00e1ka na regul\u00e1ciu tlaku prietoku &#8211; vysoko tlakov\u00e1 pi\u0161to\u013e.<br \/>\n\u2022 Vhodn\u00e1 na \u010distenie chodn\u00edkov a parkovac\u00edch miest.<\/p>\n","protected":false},"featured_media":2563,"template":"","meta":{"spay_email":""},"product_cat":[32,86],"product_tag":[],"_links":{"self":[{"href":"https:\/\/orbit-zavlahy.sk\/obchod\/wp-json\/wp\/v2\/product\/2562"}],"collection":[{"href":"https:\/\/orbit-zavlahy.sk\/obchod\/wp-json\/wp\/v2\/product"}],"about":[{"href":"https:\/\/orbit-zavlahy.sk\/obchod\/wp-json\/wp\/v2\/types\/product"}],"wp:featuredmedia":[{"embeddable":true,"href":"https:\/\/orbit-zavlahy.sk\/obchod\/wp-json\/wp\/v2\/media\/2563"}],"wp:attachment":[{"href":"https:\/\/orbit-zavlahy.sk\/obchod\/wp-json\/wp\/v2\/media?parent=2562"}],"wp:term":[{"taxonomy":"product_cat","embeddable":true,"href":"https:\/\/orbit-zavlahy.sk\/obchod\/wp-json\/wp\/v2\/product_cat?post=2562"},{"taxonomy":"product_tag","embeddable":true,"href":"https:\/\/orbit-zavlahy.sk\/obchod\/wp-json\/wp\/v2\/product_tag?post=2562"}],"curies":[{"name":"wp","href":"https:\/\/api.w.org\/{rel}","templated":true}]}}