{"id":2530,"date":"2020-11-16T13:23:34","date_gmt":"2020-11-16T12:23:34","guid":{"rendered":"https:\/\/orbit-zavlahy.sk\/eshop\/?post_type=product&#038;p=2530"},"modified":"2021-01-20T14:49:10","modified_gmt":"2021-01-20T13:49:10","slug":"hlinikova-zavlazovacia-pistol","status":"publish","type":"product","link":"https:\/\/orbit-zavlahy.sk\/obchod\/product\/hlinikova-zavlazovacia-pistol\/","title":{"rendered":"HLIN\u00cdKOV\u00c1 ZAVLA\u017dOVACIA PI\u0160TO\u013d"},"content":{"rendered":"","protected":false},"excerpt":{"rendered":"<p>\u2022 10 mo\u017enost\u00ed zavla\u017eovania.<br \/>\n\u2022 Palcom ovl\u00e1date\u013en\u00e9 vypnutie\/zapnutie.<br \/>\n\u2022 Kvalitn\u00e1 hlin\u00edkov\u00e1 kon\u0161trukcia.<\/p>\n","protected":false},"featured_media":2531,"template":"","meta":{"spay_email":""},"product_cat":[32,86],"product_tag":[],"_links":{"self":[{"href":"https:\/\/orbit-zavlahy.sk\/obchod\/wp-json\/wp\/v2\/product\/2530"}],"collection":[{"href":"https:\/\/orbit-zavlahy.sk\/obchod\/wp-json\/wp\/v2\/product"}],"about":[{"href":"https:\/\/orbit-zavlahy.sk\/obchod\/wp-json\/wp\/v2\/types\/product"}],"wp:featuredmedia":[{"embeddable":true,"href":"https:\/\/orbit-zavlahy.sk\/obchod\/wp-json\/wp\/v2\/media\/2531"}],"wp:attachment":[{"href":"https:\/\/orbit-zavlahy.sk\/obchod\/wp-json\/wp\/v2\/media?parent=2530"}],"wp:term":[{"taxonomy":"product_cat","embeddable":true,"href":"https:\/\/orbit-zavlahy.sk\/obchod\/wp-json\/wp\/v2\/product_cat?post=2530"},{"taxonomy":"product_tag","embeddable":true,"href":"https:\/\/orbit-zavlahy.sk\/obchod\/wp-json\/wp\/v2\/product_tag?post=2530"}],"curies":[{"name":"wp","href":"https:\/\/api.w.org\/{rel}","templated":true}]}}