{"id":2528,"date":"2020-11-16T13:13:40","date_gmt":"2020-11-16T12:13:40","guid":{"rendered":"https:\/\/orbit-zavlahy.sk\/eshop\/?post_type=product&#038;p=2528"},"modified":"2021-01-20T14:49:10","modified_gmt":"2021-01-20T13:49:10","slug":"zavlazovacia-pistol-max","status":"publish","type":"product","link":"https:\/\/orbit-zavlahy.sk\/obchod\/product\/zavlazovacia-pistol-max\/","title":{"rendered":"Zavla\u017eovacia pi\u0161to\u013e MAX"},"content":{"rendered":"","protected":false},"excerpt":{"rendered":"<p>\u2022 Odoln\u00e1 kovov\u00e1 kon\u0161trukcia.<br \/>\n\u2022 7 r\u00f4znych mo\u017enost\u00ed zavla\u017eovania.<br \/>\n\u2022 zadn\u00e1 sp\u00fa\u0161\u0165 umo\u017e\u0148uje o 20% vy\u0161\u0161\u00ed prietok v porovnan\u00ed s in\u00fdmi zavla\u017eovac\u00edmi hlavicami.<\/p>\n","protected":false},"featured_media":3187,"template":"","meta":{"spay_email":""},"product_cat":[32,86],"product_tag":[],"_links":{"self":[{"href":"https:\/\/orbit-zavlahy.sk\/obchod\/wp-json\/wp\/v2\/product\/2528"}],"collection":[{"href":"https:\/\/orbit-zavlahy.sk\/obchod\/wp-json\/wp\/v2\/product"}],"about":[{"href":"https:\/\/orbit-zavlahy.sk\/obchod\/wp-json\/wp\/v2\/types\/product"}],"wp:featuredmedia":[{"embeddable":true,"href":"https:\/\/orbit-zavlahy.sk\/obchod\/wp-json\/wp\/v2\/media\/3187"}],"wp:attachment":[{"href":"https:\/\/orbit-zavlahy.sk\/obchod\/wp-json\/wp\/v2\/media?parent=2528"}],"wp:term":[{"taxonomy":"product_cat","embeddable":true,"href":"https:\/\/orbit-zavlahy.sk\/obchod\/wp-json\/wp\/v2\/product_cat?post=2528"},{"taxonomy":"product_tag","embeddable":true,"href":"https:\/\/orbit-zavlahy.sk\/obchod\/wp-json\/wp\/v2\/product_tag?post=2528"}],"curies":[{"name":"wp","href":"https:\/\/api.w.org\/{rel}","templated":true}]}}