{"id":2518,"date":"2020-11-16T12:58:31","date_gmt":"2020-11-16T11:58:31","guid":{"rendered":"https:\/\/orbit-zavlahy.sk\/eshop\/?post_type=product&#038;p=2518"},"modified":"2021-01-20T14:49:11","modified_gmt":"2021-01-20T13:49:11","slug":"rucna-sprcha-45-cm-2","status":"publish","type":"product","link":"https:\/\/orbit-zavlahy.sk\/obchod\/product\/rucna-sprcha-45-cm-2\/","title":{"rendered":"RU\u010cN\u00c1 SPRCHA II. &#8211; 45 cm"},"content":{"rendered":"","protected":false},"excerpt":{"rendered":"<p>\u2022 Excelentn\u00fd pre dosiahnutie visiacich kr\u00edkov a kvetin\u00e1\u010dov.<br \/>\n\u2022 \u010cal\u00fanen\u00e1 rukov\u00e4\u0165 pre pohodlnej\u0161ie uchytenie.<br \/>\n\u2022 Kovov\u00fd uzatv\u00e1rac\u00ed ventil pre pohodln\u00fa kontrolu prietoku vody.<br \/>\n\u2022 9 mo\u017enost\u00ed zavla\u017eovania &#8211; pr\u00fad, hmla, sprcha &#8230;.<\/p>\n","protected":false},"featured_media":2523,"template":"","meta":{"spay_email":""},"product_cat":[32,86],"product_tag":[],"_links":{"self":[{"href":"https:\/\/orbit-zavlahy.sk\/obchod\/wp-json\/wp\/v2\/product\/2518"}],"collection":[{"href":"https:\/\/orbit-zavlahy.sk\/obchod\/wp-json\/wp\/v2\/product"}],"about":[{"href":"https:\/\/orbit-zavlahy.sk\/obchod\/wp-json\/wp\/v2\/types\/product"}],"wp:featuredmedia":[{"embeddable":true,"href":"https:\/\/orbit-zavlahy.sk\/obchod\/wp-json\/wp\/v2\/media\/2523"}],"wp:attachment":[{"href":"https:\/\/orbit-zavlahy.sk\/obchod\/wp-json\/wp\/v2\/media?parent=2518"}],"wp:term":[{"taxonomy":"product_cat","embeddable":true,"href":"https:\/\/orbit-zavlahy.sk\/obchod\/wp-json\/wp\/v2\/product_cat?post=2518"},{"taxonomy":"product_tag","embeddable":true,"href":"https:\/\/orbit-zavlahy.sk\/obchod\/wp-json\/wp\/v2\/product_tag?post=2518"}],"curies":[{"name":"wp","href":"https:\/\/api.w.org\/{rel}","templated":true}]}}