{"id":2492,"date":"2020-11-16T11:03:31","date_gmt":"2020-11-16T10:03:31","guid":{"rendered":"https:\/\/orbit-zavlahy.sk\/eshop\/?post_type=product&#038;p=2492"},"modified":"2021-01-20T15:24:19","modified_gmt":"2021-01-20T14:24:19","slug":"zavlazovac-s-regulaciou-prietoku-plast","status":"publish","type":"product","link":"https:\/\/orbit-zavlahy.sk\/obchod\/product\/zavlazovac-s-regulaciou-prietoku-plast\/","title":{"rendered":"ZAVLA\u017dOVA\u010c S REGUL\u00c1CIOU PRIETOKU &#8211; PLAST"},"content":{"rendered":"","protected":false},"excerpt":{"rendered":"<p>\u2022 V\u00fdborn\u00fd pre stromy, kry a kvety.<br \/>\n\u2022 Vyroben\u00fd z vysoko odoln\u00e9ho materi\u00e1lu.<\/p>\n","protected":false},"featured_media":2493,"template":"","meta":{"spay_email":""},"product_cat":[88,32],"product_tag":[],"_links":{"self":[{"href":"https:\/\/orbit-zavlahy.sk\/obchod\/wp-json\/wp\/v2\/product\/2492"}],"collection":[{"href":"https:\/\/orbit-zavlahy.sk\/obchod\/wp-json\/wp\/v2\/product"}],"about":[{"href":"https:\/\/orbit-zavlahy.sk\/obchod\/wp-json\/wp\/v2\/types\/product"}],"wp:featuredmedia":[{"embeddable":true,"href":"https:\/\/orbit-zavlahy.sk\/obchod\/wp-json\/wp\/v2\/media\/2493"}],"wp:attachment":[{"href":"https:\/\/orbit-zavlahy.sk\/obchod\/wp-json\/wp\/v2\/media?parent=2492"}],"wp:term":[{"taxonomy":"product_cat","embeddable":true,"href":"https:\/\/orbit-zavlahy.sk\/obchod\/wp-json\/wp\/v2\/product_cat?post=2492"},{"taxonomy":"product_tag","embeddable":true,"href":"https:\/\/orbit-zavlahy.sk\/obchod\/wp-json\/wp\/v2\/product_tag?post=2492"}],"curies":[{"name":"wp","href":"https:\/\/api.w.org\/{rel}","templated":true}]}}