{"id":2490,"date":"2020-11-16T11:01:29","date_gmt":"2020-11-16T10:01:29","guid":{"rendered":"https:\/\/orbit-zavlahy.sk\/eshop\/?post_type=product&#038;p=2490"},"modified":"2021-01-20T15:24:19","modified_gmt":"2021-01-20T14:24:19","slug":"sprinkler-prstencovy-plast","status":"publish","type":"product","link":"https:\/\/orbit-zavlahy.sk\/obchod\/product\/sprinkler-prstencovy-plast\/","title":{"rendered":"SPRINKLER &#8211; PRSTENCOV\u00dd &#8211; PLAST"},"content":{"rendered":"","protected":false},"excerpt":{"rendered":"<p>\u2022 Jemn\u00fd postrek v podobe da\u017e\u010fa.<br \/>\n\u2022 Pokryje plochu a\u017e 20 m2.<br \/>\n\u2022 Kvalitn\u00e1 plastick\u00e1 kon\u0161trukcia.<\/p>\n","protected":false},"featured_media":2491,"template":"","meta":{"spay_email":""},"product_cat":[88,32],"product_tag":[],"_links":{"self":[{"href":"https:\/\/orbit-zavlahy.sk\/obchod\/wp-json\/wp\/v2\/product\/2490"}],"collection":[{"href":"https:\/\/orbit-zavlahy.sk\/obchod\/wp-json\/wp\/v2\/product"}],"about":[{"href":"https:\/\/orbit-zavlahy.sk\/obchod\/wp-json\/wp\/v2\/types\/product"}],"wp:featuredmedia":[{"embeddable":true,"href":"https:\/\/orbit-zavlahy.sk\/obchod\/wp-json\/wp\/v2\/media\/2491"}],"wp:attachment":[{"href":"https:\/\/orbit-zavlahy.sk\/obchod\/wp-json\/wp\/v2\/media?parent=2490"}],"wp:term":[{"taxonomy":"product_cat","embeddable":true,"href":"https:\/\/orbit-zavlahy.sk\/obchod\/wp-json\/wp\/v2\/product_cat?post=2490"},{"taxonomy":"product_tag","embeddable":true,"href":"https:\/\/orbit-zavlahy.sk\/obchod\/wp-json\/wp\/v2\/product_tag?post=2490"}],"curies":[{"name":"wp","href":"https:\/\/api.w.org\/{rel}","templated":true}]}}