{"id":2468,"date":"2020-11-16T10:36:04","date_gmt":"2020-11-16T09:36:04","guid":{"rendered":"https:\/\/orbit-zavlahy.sk\/eshop\/?post_type=product&#038;p=2468"},"modified":"2021-01-20T15:24:21","modified_gmt":"2021-01-20T14:24:21","slug":"sprinkler-cyklon-ii-stvorcovy-vzor","status":"publish","type":"product","link":"https:\/\/orbit-zavlahy.sk\/obchod\/product\/sprinkler-cyklon-ii-stvorcovy-vzor\/","title":{"rendered":"SPRINKLER CYKL\u00d3N II &#8211; \u0160TVORCOV\u00dd VZOR"},"content":{"rendered":"","protected":false},"excerpt":{"rendered":"<p>\u2022 Horn\u00fd postrek je ide\u00e1lny pre rastliny.<br \/>\n\u2022 Mo\u017enos\u0165 pripojenia dvoch alebo viacer\u00fdch postrekova\u010dov.<br \/>\n\u2022 Vyroben\u00fd z odolnej kovovej kon\u0161trukcie.<\/p>\n","protected":false},"featured_media":2469,"template":"","meta":{"spay_email":""},"product_cat":[88,32],"product_tag":[],"_links":{"self":[{"href":"https:\/\/orbit-zavlahy.sk\/obchod\/wp-json\/wp\/v2\/product\/2468"}],"collection":[{"href":"https:\/\/orbit-zavlahy.sk\/obchod\/wp-json\/wp\/v2\/product"}],"about":[{"href":"https:\/\/orbit-zavlahy.sk\/obchod\/wp-json\/wp\/v2\/types\/product"}],"wp:featuredmedia":[{"embeddable":true,"href":"https:\/\/orbit-zavlahy.sk\/obchod\/wp-json\/wp\/v2\/media\/2469"}],"wp:attachment":[{"href":"https:\/\/orbit-zavlahy.sk\/obchod\/wp-json\/wp\/v2\/media?parent=2468"}],"wp:term":[{"taxonomy":"product_cat","embeddable":true,"href":"https:\/\/orbit-zavlahy.sk\/obchod\/wp-json\/wp\/v2\/product_cat?post=2468"},{"taxonomy":"product_tag","embeddable":true,"href":"https:\/\/orbit-zavlahy.sk\/obchod\/wp-json\/wp\/v2\/product_tag?post=2468"}],"curies":[{"name":"wp","href":"https:\/\/api.w.org\/{rel}","templated":true}]}}