{"id":2465,"date":"2020-11-16T10:33:30","date_gmt":"2020-11-16T09:33:30","guid":{"rendered":"https:\/\/orbit-zavlahy.sk\/eshop\/?post_type=product&#038;p=2465"},"modified":"2021-01-20T15:24:21","modified_gmt":"2021-01-20T14:24:21","slug":"8-vzorovy-sprinkler-dbx","status":"publish","type":"product","link":"https:\/\/orbit-zavlahy.sk\/obchod\/product\/8-vzorovy-sprinkler-dbx\/","title":{"rendered":"8 VZOROV\u00dd SPRINKLER, DBX"},"content":{"rendered":"","protected":false},"excerpt":{"rendered":"<p>\u2022 8 Postrekov\u00fdch vzorov: center, prstenec, polovi\u010dn\u00fd klin, klin, \u0161tvorec, kruh, polkruh, obd\u013a\u017enik.<br \/>\n\u2022 Komfortn\u00e9 uchopenie pre kontrolu a \u013eahk\u00e9 nastavenie po\u017eadovan\u00e9ho vzoru.<br \/>\n\u2022 Ide\u00e1lny pre stredn\u00e9 tr\u00e1vnat\u00e9 plochy.<\/p>\n","protected":false},"featured_media":2467,"template":"","meta":{"spay_email":""},"product_cat":[88,32],"product_tag":[],"_links":{"self":[{"href":"https:\/\/orbit-zavlahy.sk\/obchod\/wp-json\/wp\/v2\/product\/2465"}],"collection":[{"href":"https:\/\/orbit-zavlahy.sk\/obchod\/wp-json\/wp\/v2\/product"}],"about":[{"href":"https:\/\/orbit-zavlahy.sk\/obchod\/wp-json\/wp\/v2\/types\/product"}],"wp:featuredmedia":[{"embeddable":true,"href":"https:\/\/orbit-zavlahy.sk\/obchod\/wp-json\/wp\/v2\/media\/2467"}],"wp:attachment":[{"href":"https:\/\/orbit-zavlahy.sk\/obchod\/wp-json\/wp\/v2\/media?parent=2465"}],"wp:term":[{"taxonomy":"product_cat","embeddable":true,"href":"https:\/\/orbit-zavlahy.sk\/obchod\/wp-json\/wp\/v2\/product_cat?post=2465"},{"taxonomy":"product_tag","embeddable":true,"href":"https:\/\/orbit-zavlahy.sk\/obchod\/wp-json\/wp\/v2\/product_tag?post=2465"}],"curies":[{"name":"wp","href":"https:\/\/api.w.org\/{rel}","templated":true}]}}