{"id":2463,"date":"2020-11-16T10:25:08","date_gmt":"2020-11-16T09:25:08","guid":{"rendered":"https:\/\/orbit-zavlahy.sk\/eshop\/?post_type=product&#038;p=2463"},"modified":"2021-01-20T15:24:21","modified_gmt":"2021-01-20T14:24:21","slug":"pozinkovany-8-vzorovy-sprinkler","status":"publish","type":"product","link":"https:\/\/orbit-zavlahy.sk\/obchod\/product\/pozinkovany-8-vzorovy-sprinkler\/","title":{"rendered":"POZINKOVAN\u00dd 8 VZOROV\u00dd SPRINKLER"},"content":{"rendered":"","protected":false},"excerpt":{"rendered":"<p>\u2022 8 nastavite\u013en\u00fdch vzorov, ktor\u00fd zavla\u017euje len ke\u010f to potrebujete.<br \/>\n\u2022 Gumenn\u00e9 tesnenie na z\u00e1branenie \u00faniku vody.<br \/>\n\u2022 3\/4\u201d spojka s vn\u00fat.z\u00e1vitom.<\/p>\n","protected":false},"featured_media":2464,"template":"","meta":{"spay_email":""},"product_cat":[88,32],"product_tag":[],"_links":{"self":[{"href":"https:\/\/orbit-zavlahy.sk\/obchod\/wp-json\/wp\/v2\/product\/2463"}],"collection":[{"href":"https:\/\/orbit-zavlahy.sk\/obchod\/wp-json\/wp\/v2\/product"}],"about":[{"href":"https:\/\/orbit-zavlahy.sk\/obchod\/wp-json\/wp\/v2\/types\/product"}],"wp:featuredmedia":[{"embeddable":true,"href":"https:\/\/orbit-zavlahy.sk\/obchod\/wp-json\/wp\/v2\/media\/2464"}],"wp:attachment":[{"href":"https:\/\/orbit-zavlahy.sk\/obchod\/wp-json\/wp\/v2\/media?parent=2463"}],"wp:term":[{"taxonomy":"product_cat","embeddable":true,"href":"https:\/\/orbit-zavlahy.sk\/obchod\/wp-json\/wp\/v2\/product_cat?post=2463"},{"taxonomy":"product_tag","embeddable":true,"href":"https:\/\/orbit-zavlahy.sk\/obchod\/wp-json\/wp\/v2\/product_tag?post=2463"}],"curies":[{"name":"wp","href":"https:\/\/api.w.org\/{rel}","templated":true}]}}