{"id":2459,"date":"2020-11-16T10:21:19","date_gmt":"2020-11-16T09:21:19","guid":{"rendered":"https:\/\/orbit-zavlahy.sk\/eshop\/?post_type=product&#038;p=2459"},"modified":"2024-07-16T20:07:55","modified_gmt":"2024-07-16T18:07:55","slug":"3-ramenny-mosadzny-rotacny-sprinkler","status":"publish","type":"product","link":"https:\/\/orbit-zavlahy.sk\/obchod\/product\/3-ramenny-mosadzny-rotacny-sprinkler\/","title":{"rendered":"3-RAMENN\u00dd MOSADZN\u00dd ROTA\u010cN\u00dd SPRINKLER"},"content":{"rendered":"","protected":false},"excerpt":{"rendered":"<p>\u2022 Mosadzn\u00e9 trysky nastavite\u013en\u00e9 od jemnej hmly a\u017e po pr\u00fad vody.<br \/>\n\u2022 Nastavite\u013en\u00e9 trysky.<br \/>\n\u2022 Mosadzn\u00e9 ramen\u00e1.<\/p>\n","protected":false},"featured_media":2460,"template":"","meta":{"spay_email":""},"product_cat":[88,32],"product_tag":[],"_links":{"self":[{"href":"https:\/\/orbit-zavlahy.sk\/obchod\/wp-json\/wp\/v2\/product\/2459"}],"collection":[{"href":"https:\/\/orbit-zavlahy.sk\/obchod\/wp-json\/wp\/v2\/product"}],"about":[{"href":"https:\/\/orbit-zavlahy.sk\/obchod\/wp-json\/wp\/v2\/types\/product"}],"wp:featuredmedia":[{"embeddable":true,"href":"https:\/\/orbit-zavlahy.sk\/obchod\/wp-json\/wp\/v2\/media\/2460"}],"wp:attachment":[{"href":"https:\/\/orbit-zavlahy.sk\/obchod\/wp-json\/wp\/v2\/media?parent=2459"}],"wp:term":[{"taxonomy":"product_cat","embeddable":true,"href":"https:\/\/orbit-zavlahy.sk\/obchod\/wp-json\/wp\/v2\/product_cat?post=2459"},{"taxonomy":"product_tag","embeddable":true,"href":"https:\/\/orbit-zavlahy.sk\/obchod\/wp-json\/wp\/v2\/product_tag?post=2459"}],"curies":[{"name":"wp","href":"https:\/\/api.w.org\/{rel}","templated":true}]}}