{"id":2457,"date":"2020-11-16T10:20:00","date_gmt":"2020-11-16T09:20:00","guid":{"rendered":"https:\/\/orbit-zavlahy.sk\/eshop\/?post_type=product&#038;p=2457"},"modified":"2021-01-20T15:24:22","modified_gmt":"2021-01-20T14:24:22","slug":"kovovy-3-ramenny-sprinkler","status":"publish","type":"product","link":"https:\/\/orbit-zavlahy.sk\/obchod\/product\/kovovy-3-ramenny-sprinkler\/","title":{"rendered":"KOVOV\u00dd 3-RAMENN\u00dd SPRINKLER"},"content":{"rendered":"","protected":false},"excerpt":{"rendered":"<p>\u2022 Ide\u00e1lny pre stredn\u00e9 tr\u00e1vnat\u00e9 plochy.<br \/>\n\u2022 Polomer zavla\u017eovania 15 m.<br \/>\n\u2022 Mo\u017enos\u0165 nastavenia zavla\u017eovania od \u010diasto\u010dn\u00e9ho po pln\u00fd kruh.<\/p>\n","protected":false},"featured_media":2458,"template":"","meta":{"spay_email":""},"product_cat":[88,32],"product_tag":[],"_links":{"self":[{"href":"https:\/\/orbit-zavlahy.sk\/obchod\/wp-json\/wp\/v2\/product\/2457"}],"collection":[{"href":"https:\/\/orbit-zavlahy.sk\/obchod\/wp-json\/wp\/v2\/product"}],"about":[{"href":"https:\/\/orbit-zavlahy.sk\/obchod\/wp-json\/wp\/v2\/types\/product"}],"wp:featuredmedia":[{"embeddable":true,"href":"https:\/\/orbit-zavlahy.sk\/obchod\/wp-json\/wp\/v2\/media\/2458"}],"wp:attachment":[{"href":"https:\/\/orbit-zavlahy.sk\/obchod\/wp-json\/wp\/v2\/media?parent=2457"}],"wp:term":[{"taxonomy":"product_cat","embeddable":true,"href":"https:\/\/orbit-zavlahy.sk\/obchod\/wp-json\/wp\/v2\/product_cat?post=2457"},{"taxonomy":"product_tag","embeddable":true,"href":"https:\/\/orbit-zavlahy.sk\/obchod\/wp-json\/wp\/v2\/product_tag?post=2457"}],"curies":[{"name":"wp","href":"https:\/\/api.w.org\/{rel}","templated":true}]}}