{"id":2455,"date":"2020-11-16T10:17:29","date_gmt":"2020-11-16T09:17:29","guid":{"rendered":"https:\/\/orbit-zavlahy.sk\/eshop\/?post_type=product&#038;p=2455"},"modified":"2021-01-20T15:24:23","modified_gmt":"2021-01-20T14:24:23","slug":"cestujuci-sprinkler","status":"publish","type":"product","link":"https:\/\/orbit-zavlahy.sk\/obchod\/product\/cestujuci-sprinkler\/","title":{"rendered":"CESTUJ\u00daCI SPRINKLER"},"content":{"rendered":"","protected":false},"excerpt":{"rendered":"<p>\u2022 Ide\u00e1lny pre extra ve\u013ek\u00e9 tr\u00e1vniky &#8211; pokryje a\u017e 1250 m2 pozd\u013a\u017e 60m dlhej hadice.<br \/>\n\u2022 Nastavite\u013en\u00fd od 4,5 do 16,5 m.<\/p>\n","protected":false},"featured_media":2456,"template":"","meta":{"spay_email":""},"product_cat":[88,32],"product_tag":[],"_links":{"self":[{"href":"https:\/\/orbit-zavlahy.sk\/obchod\/wp-json\/wp\/v2\/product\/2455"}],"collection":[{"href":"https:\/\/orbit-zavlahy.sk\/obchod\/wp-json\/wp\/v2\/product"}],"about":[{"href":"https:\/\/orbit-zavlahy.sk\/obchod\/wp-json\/wp\/v2\/types\/product"}],"wp:featuredmedia":[{"embeddable":true,"href":"https:\/\/orbit-zavlahy.sk\/obchod\/wp-json\/wp\/v2\/media\/2456"}],"wp:attachment":[{"href":"https:\/\/orbit-zavlahy.sk\/obchod\/wp-json\/wp\/v2\/media?parent=2455"}],"wp:term":[{"taxonomy":"product_cat","embeddable":true,"href":"https:\/\/orbit-zavlahy.sk\/obchod\/wp-json\/wp\/v2\/product_cat?post=2455"},{"taxonomy":"product_tag","embeddable":true,"href":"https:\/\/orbit-zavlahy.sk\/obchod\/wp-json\/wp\/v2\/product_tag?post=2455"}],"curies":[{"name":"wp","href":"https:\/\/api.w.org\/{rel}","templated":true}]}}