{"id":2451,"date":"2020-11-16T10:01:29","date_gmt":"2020-11-16T09:01:29","guid":{"rendered":"https:\/\/orbit-zavlahy.sk\/eshop\/?post_type=product&#038;p=2451"},"modified":"2021-01-20T15:24:23","modified_gmt":"2021-01-20T14:24:23","slug":"kolesovy-zaklad-3-rameno-a-zinok-gbx","status":"publish","type":"product","link":"https:\/\/orbit-zavlahy.sk\/obchod\/product\/kolesovy-zaklad-3-rameno-a-zinok-gbx\/","title":{"rendered":"KOLESOV\u00dd Z\u00c1KLAD 3-RAMENO A ZINOK, GBX"},"content":{"rendered":"","protected":false},"excerpt":{"rendered":"<p>\u2022 Pokrytie plochy a\u017e 50\u00b4 priemerne s rota\u010dn\u00fdm 3-ramenom.<br \/>\n\u2022 Pokrytie plochy a\u017e 85\u00b4 priemerne so zinkov\u00fdm \u00fa\u010dinkom.<br \/>\n\u2022 Ve\u013ek\u00fd kolesov\u00fd z\u00e1klad pre stabilitu a jednoduch\u00e9 pohybovanie.<\/p>\n","protected":false},"featured_media":2452,"template":"","meta":{"spay_email":""},"product_cat":[88,32],"product_tag":[],"_links":{"self":[{"href":"https:\/\/orbit-zavlahy.sk\/obchod\/wp-json\/wp\/v2\/product\/2451"}],"collection":[{"href":"https:\/\/orbit-zavlahy.sk\/obchod\/wp-json\/wp\/v2\/product"}],"about":[{"href":"https:\/\/orbit-zavlahy.sk\/obchod\/wp-json\/wp\/v2\/types\/product"}],"wp:featuredmedia":[{"embeddable":true,"href":"https:\/\/orbit-zavlahy.sk\/obchod\/wp-json\/wp\/v2\/media\/2452"}],"wp:attachment":[{"href":"https:\/\/orbit-zavlahy.sk\/obchod\/wp-json\/wp\/v2\/media?parent=2451"}],"wp:term":[{"taxonomy":"product_cat","embeddable":true,"href":"https:\/\/orbit-zavlahy.sk\/obchod\/wp-json\/wp\/v2\/product_cat?post=2451"},{"taxonomy":"product_tag","embeddable":true,"href":"https:\/\/orbit-zavlahy.sk\/obchod\/wp-json\/wp\/v2\/product_tag?post=2451"}],"curies":[{"name":"wp","href":"https:\/\/api.w.org\/{rel}","templated":true}]}}