{"id":2449,"date":"2020-11-16T10:00:14","date_gmt":"2020-11-16T09:00:14","guid":{"rendered":"https:\/\/orbit-zavlahy.sk\/eshop\/?post_type=product&#038;p=2449"},"modified":"2021-01-20T15:24:23","modified_gmt":"2021-01-20T14:24:23","slug":"mosadzny-3-4-uderovy-rozstrekovac-na-trojnozke","status":"publish","type":"product","link":"https:\/\/orbit-zavlahy.sk\/obchod\/product\/mosadzny-3-4-uderovy-rozstrekovac-na-trojnozke\/","title":{"rendered":"MOSADZN\u00dd 3\/4\u201d \u00daDEROV\u00dd ROZSTREKOVA\u010c NA TROJNO\u017dKE"},"content":{"rendered":"","protected":false},"excerpt":{"rendered":"<p>\u2022 Pokrytie plochy a\u017e do 30 m.<br \/>\n\u2022 Nastavite\u013en\u00e1 v\u00fdse\u010d zavla\u017eovania od 25 &#8211; 360\u00b0.<br \/>\n\u2022 V\u00fd\u0161kovo nastavite\u013en\u00fd stojan 0,6 &#8211; 1,5 m.<\/p>\n","protected":false},"featured_media":2473,"template":"","meta":{"spay_email":""},"product_cat":[88,32],"product_tag":[],"_links":{"self":[{"href":"https:\/\/orbit-zavlahy.sk\/obchod\/wp-json\/wp\/v2\/product\/2449"}],"collection":[{"href":"https:\/\/orbit-zavlahy.sk\/obchod\/wp-json\/wp\/v2\/product"}],"about":[{"href":"https:\/\/orbit-zavlahy.sk\/obchod\/wp-json\/wp\/v2\/types\/product"}],"wp:featuredmedia":[{"embeddable":true,"href":"https:\/\/orbit-zavlahy.sk\/obchod\/wp-json\/wp\/v2\/media\/2473"}],"wp:attachment":[{"href":"https:\/\/orbit-zavlahy.sk\/obchod\/wp-json\/wp\/v2\/media?parent=2449"}],"wp:term":[{"taxonomy":"product_cat","embeddable":true,"href":"https:\/\/orbit-zavlahy.sk\/obchod\/wp-json\/wp\/v2\/product_cat?post=2449"},{"taxonomy":"product_tag","embeddable":true,"href":"https:\/\/orbit-zavlahy.sk\/obchod\/wp-json\/wp\/v2\/product_tag?post=2449"}],"curies":[{"name":"wp","href":"https:\/\/api.w.org\/{rel}","templated":true}]}}