{"id":2447,"date":"2020-11-16T09:54:25","date_gmt":"2020-11-16T08:54:25","guid":{"rendered":"https:\/\/orbit-zavlahy.sk\/eshop\/?post_type=product&#038;p=2447"},"modified":"2021-01-20T15:24:24","modified_gmt":"2021-01-20T14:24:24","slug":"mosadzny-uderovy-rozstrekovac-na-pozinkovanom-bodci","status":"publish","type":"product","link":"https:\/\/orbit-zavlahy.sk\/obchod\/product\/mosadzny-uderovy-rozstrekovac-na-pozinkovanom-bodci\/","title":{"rendered":"MOSADZN\u00dd \u00daDEROV\u00dd ROZSTREKOVA\u010c NA POZINKOVANOM BODCI"},"content":{"rendered":"","protected":false},"excerpt":{"rendered":"<p>\u2022 Ide\u00e1lny pre ve\u013ek\u00e9 tr\u00e1vnat\u00e9 plochy.<br \/>\n\u2022 Pokrytie plochy a\u017e do 27 m.<br \/>\n\u2022 Nastavite\u013en\u00fd od cel\u00e9ho po \u010diasto\u010dn\u00fd kruh.<br \/>\n\u2022 Pozinkovan\u00fd bodec s mo\u017enos\u0165ou zapojenia rozstrekova\u010dov v rade za sebou.<\/p>\n","protected":false},"featured_media":2448,"template":"","meta":{"spay_email":""},"product_cat":[88,32],"product_tag":[],"_links":{"self":[{"href":"https:\/\/orbit-zavlahy.sk\/obchod\/wp-json\/wp\/v2\/product\/2447"}],"collection":[{"href":"https:\/\/orbit-zavlahy.sk\/obchod\/wp-json\/wp\/v2\/product"}],"about":[{"href":"https:\/\/orbit-zavlahy.sk\/obchod\/wp-json\/wp\/v2\/types\/product"}],"wp:featuredmedia":[{"embeddable":true,"href":"https:\/\/orbit-zavlahy.sk\/obchod\/wp-json\/wp\/v2\/media\/2448"}],"wp:attachment":[{"href":"https:\/\/orbit-zavlahy.sk\/obchod\/wp-json\/wp\/v2\/media?parent=2447"}],"wp:term":[{"taxonomy":"product_cat","embeddable":true,"href":"https:\/\/orbit-zavlahy.sk\/obchod\/wp-json\/wp\/v2\/product_cat?post=2447"},{"taxonomy":"product_tag","embeddable":true,"href":"https:\/\/orbit-zavlahy.sk\/obchod\/wp-json\/wp\/v2\/product_tag?post=2447"}],"curies":[{"name":"wp","href":"https:\/\/api.w.org\/{rel}","templated":true}]}}