{"id":2445,"date":"2020-11-16T09:51:31","date_gmt":"2020-11-16T08:51:31","guid":{"rendered":"https:\/\/orbit-zavlahy.sk\/eshop\/?post_type=product&#038;p=2445"},"modified":"2021-01-20T15:24:24","modified_gmt":"2021-01-20T14:24:24","slug":"1-2-mosadzny-uderovy-rozstrekovac-na-prstenci","status":"publish","type":"product","link":"https:\/\/orbit-zavlahy.sk\/obchod\/product\/1-2-mosadzny-uderovy-rozstrekovac-na-prstenci\/","title":{"rendered":"1\/2\u201d MOSADZN\u00dd \u00daDEROV\u00dd ROZSTREKOVA\u010c NA PRSTENCI"},"content":{"rendered":"","protected":false},"excerpt":{"rendered":"<p>\u2022 Pokrytie plochy a\u017e do 25 m.<br \/>\n\u2022 Nastavite\u013en\u00fd od cel\u00e9ho po \u010diasto\u010dn\u00fd okruh.<br \/>\n\u2022 Mo\u017enos\u0165 zapojenia viacer\u00fdch za sebou.<\/p>\n","protected":false},"featured_media":2446,"template":"","meta":{"spay_email":""},"product_cat":[88,32],"product_tag":[],"_links":{"self":[{"href":"https:\/\/orbit-zavlahy.sk\/obchod\/wp-json\/wp\/v2\/product\/2445"}],"collection":[{"href":"https:\/\/orbit-zavlahy.sk\/obchod\/wp-json\/wp\/v2\/product"}],"about":[{"href":"https:\/\/orbit-zavlahy.sk\/obchod\/wp-json\/wp\/v2\/types\/product"}],"wp:featuredmedia":[{"embeddable":true,"href":"https:\/\/orbit-zavlahy.sk\/obchod\/wp-json\/wp\/v2\/media\/2446"}],"wp:attachment":[{"href":"https:\/\/orbit-zavlahy.sk\/obchod\/wp-json\/wp\/v2\/media?parent=2445"}],"wp:term":[{"taxonomy":"product_cat","embeddable":true,"href":"https:\/\/orbit-zavlahy.sk\/obchod\/wp-json\/wp\/v2\/product_cat?post=2445"},{"taxonomy":"product_tag","embeddable":true,"href":"https:\/\/orbit-zavlahy.sk\/obchod\/wp-json\/wp\/v2\/product_tag?post=2445"}],"curies":[{"name":"wp","href":"https:\/\/api.w.org\/{rel}","templated":true}]}}