{"id":2443,"date":"2020-11-16T09:49:12","date_gmt":"2020-11-16T08:49:12","guid":{"rendered":"https:\/\/orbit-zavlahy.sk\/eshop\/?post_type=product&#038;p=2443"},"modified":"2024-07-16T20:07:55","modified_gmt":"2024-07-16T18:07:55","slug":"1-2-uderovy-rozstrekovac-na-kolieskach","status":"publish","type":"product","link":"https:\/\/orbit-zavlahy.sk\/obchod\/product\/1-2-uderovy-rozstrekovac-na-kolieskach\/","title":{"rendered":"1\/2\u201d \u00daDEROV\u00dd ROZSTREKOVA\u010c NA KOLIESKACH"},"content":{"rendered":"","protected":false},"excerpt":{"rendered":"<p>\u2022 Kovov\u00e1 z\u00e1klad\u0148a, pokrytie plochy v polomere a\u017e 8,5 m.<br \/>\n\u2022 vysoko-v\u00fdkonn\u00fd mosadzn\u00fd \u00faderov\u00fd rozstrekova\u010d.<\/p>\n","protected":false},"featured_media":2444,"template":"","meta":{"spay_email":""},"product_cat":[88,32],"product_tag":[],"_links":{"self":[{"href":"https:\/\/orbit-zavlahy.sk\/obchod\/wp-json\/wp\/v2\/product\/2443"}],"collection":[{"href":"https:\/\/orbit-zavlahy.sk\/obchod\/wp-json\/wp\/v2\/product"}],"about":[{"href":"https:\/\/orbit-zavlahy.sk\/obchod\/wp-json\/wp\/v2\/types\/product"}],"wp:featuredmedia":[{"embeddable":true,"href":"https:\/\/orbit-zavlahy.sk\/obchod\/wp-json\/wp\/v2\/media\/2444"}],"wp:attachment":[{"href":"https:\/\/orbit-zavlahy.sk\/obchod\/wp-json\/wp\/v2\/media?parent=2443"}],"wp:term":[{"taxonomy":"product_cat","embeddable":true,"href":"https:\/\/orbit-zavlahy.sk\/obchod\/wp-json\/wp\/v2\/product_cat?post=2443"},{"taxonomy":"product_tag","embeddable":true,"href":"https:\/\/orbit-zavlahy.sk\/obchod\/wp-json\/wp\/v2\/product_tag?post=2443"}],"curies":[{"name":"wp","href":"https:\/\/api.w.org\/{rel}","templated":true}]}}